{"id":3973,"date":"2024-06-24T13:47:34","date_gmt":"2024-06-24T11:47:34","guid":{"rendered":"https:\/\/mybuilding24.com\/informativa-sulla-privacy\/"},"modified":"2024-10-03T11:17:17","modified_gmt":"2024-10-03T10:17:17","slug":"informativa-sulla-privacy","status":"publish","type":"page","link":"https:\/\/mybuilding24.com\/it\/informativa-sulla-privacy\/","title":{"rendered":"Informativa sulla privacy"},"content":{"rendered":"\n<h3 class=\"wp-block-heading\"><strong>DICHIARAZIONE DI PROTEZIONE DEI DATI CONTRATTUALI &#8211;<\/strong><small>V1.0<\/small><\/h3>\n\n<p>da <strong>Rei development GmbH<\/strong>, di seguito denominata Reidev.<\/p>\n\n<p><strong>Protezione dei dati da parte di Reidev.<\/strong><br\/>Il trattamento dei dati personali del Cliente o dei suoi dipendenti interessati da parte di Reidev ai fini dell&#8217;esecuzione del contratto si basa sul consenso volontario del Cliente (ad esempio nel caso di particolari categorie di dati personali), sul rapporto contrattuale esistente e sulle disposizioni di legge. Non vi \u00e8 alcun obbligo di concedere il consenso (ad esempio nel caso di particolari categorie di dati personali) e di concludere il contratto.\nTuttavia, se il consenso non viene concesso o il contratto non viene concluso, l&#8217;ordine non potr\u00e0 essere accettato. <\/p>\n\n<p><strong>Ulteriori trattamenti.<\/strong><br\/>L&#8217;ulteriore trattamento dei dati da parte di Reidev per finalit\u00e0 di marketing diretto in forme che non richiedono il consenso, come ad esempio l&#8217;invio di pubblicit\u00e0 per posta, \u00e8 compatibile con la finalit\u00e0 di esecuzione del contratto. L&#8217;ulteriore trattamento per finalit\u00e0 di marketing diretto in forme che richiedono il consenso, come ad esempio l&#8217;invio di pubblicit\u00e0 per via elettronica o l&#8217;inserimento di pubblicit\u00e0 personalizzata, avviene solo sulla base di un ulteriore consenso volontario da parte del cliente.\nNon vi \u00e8 alcun obbligo di concedere il consenso.\nLa mancata concessione del consenso comporterebbe solo l&#8217;impossibilit\u00e0 per il cliente di ricevere pubblicit\u00e0 nei moduli che richiedono il consenso.  <\/p>\n\n<p><strong>Divulgazione.<\/strong> Tutti i dati sono soggetti all&#8217;obbligo concordato o previsto dalla legge di mantenere la riservatezza e di proteggere i dati personali. Ad eccezione della divulgazione a destinatari tipici dell&#8217;attivit\u00e0 commerciale, quali banche, consulenti fiscali, avvocati, fornitori di servizi di spedizione e cos\u00ec via, i dati del cliente saranno divulgati solo su base legale o in accordo con il cliente.<\/p>\n\n<p><strong>Elaborazione in tutto il mondo.<\/strong>  Il Cliente acconsente al trattamento dei suoi dati in tutto il mondo, in particolare ai fini dell&#8217;accesso remoto da parte di Reidev per le operazioni di elaborazione degli ordini, ad esempio in caso di emergenza durante i viaggi di lavoro di Reidev.<\/p>\n\n<p><strong>Durata della conservazione.<\/strong>  I dati del cliente vengono conservati ai fini della documentazione e dell&#8217;adempimento degli obblighi di legge per un massimo di trent&#8217;anni dal completamento degli ordini.<\/p>\n\n<p><strong>Diritto di cancellazione.<\/strong>  Il cliente ha il diritto di revocare il proprio consenso in qualsiasi momento.\nNel caso di consenso scritto, la revoca pu\u00f2 essere effettuata solo per iscritto; nel caso di consenso a ricevere pubblicit\u00e0 elettronica, ci\u00f2 pu\u00f2 essere fatto anche cliccando sul link di cancellazione.\nIn questo caso, il trattamento sar\u00e0 interrotto a meno che non vi sia un&#8217;altra base giuridica.\nLa legalit\u00e0 dei dati trattati fino al momento della revoca non \u00e8 influenzata dalla revoca stessa.   <\/p>\n\n<p><strong>Diritto di obiezione.<\/strong>  Il cliente ha il diritto di opporsi al trattamento dei suoi dati personali per finalit\u00e0 di marketing diretto.\nIn caso di opposizione, i suoi dati personali non saranno pi\u00f9 trattati per finalit\u00e0 di marketing diretto. <\/p>\n\n<p><strong>Diritti degli interessati.<\/strong> Il cliente o i suoi dipendenti interessati hanno il diritto di accedere, rettificare e cancellare i propri dati personali, il diritto di limitare il trattamento dei dati, il diritto alla portabilit\u00e0 dei dati e il diritto di presentare un reclamo all&#8217;autorit\u00e0 di protezione dei dati.\nI dati di contatto dell&#8217;Autorit\u00e0 austriaca per la protezione dei dati personali sono i seguenti<br\/>Autorit\u00e0 Austriaca per la Protezione dei Dati, Barichgasse 40-42, 1030 Vienna, telefono: +43 1 531 152 &#8211; 0, e-mail:<a href=\"mailto:dsb@dsb.gv.at\">dsb@dsb.gv.at.<\/a> <\/p>\n\n<h4 class=\"wp-block-heading\">Disposizioni finali.<\/h4>\n\n<p><strong>AGB.<\/strong>  Si applicano i termini e le condizioni generali di Reidev.<\/p>\n\n<h4 class=\"wp-block-heading\">Opt-out di Matomo<\/h4>\n\n<p id=\"matomo_opted_in_intro\">Hai la possibilit\u00e0 di impedire che le azioni che compi qui vengano analizzate e collegate.\nQuesto protegger\u00e0 la tua privacy, ma impedir\u00e0 anche al proprietario di imparare dalle tue azioni e di migliorare l&#8217;usabilit\u00e0 per te e per gli altri utenti. <strong>La tua visita a questo sito web \u00e8 attualmente registrata da Matomo web analytics.\nDeseleziona questa casella di controllo per non partecipare. <\/strong><\/p>\n\n<h4 class=\"wp-block-heading\">Google Analytics<\/h4>\n\n<p>Sul nostro sito web utilizziamo Google Analytics.\nSi tratta di un servizio di analisi web fornito da Google LLC, Gordon House, Barrow Street, Dublino 4, Irlanda, di seguito denominato &#8220;Google&#8221;. <\/p>\n\n<p>Attraverso la certificazione in conformit\u00e0 con lo Scudo per la privacy UE-USA<\/p>\n\n<figure class=\"wp-block-embed\"><div class=\"wp-block-embed__wrapper\"> \nhttps:\/\/www.privacyshield.gov\/participant?id=a2zt000000001L5AAI&#038;status=Active\n <\/div><\/figure>\n\n<p>Google garantisce che i requisiti di protezione dei dati dell&#8217;UE sono rispettati anche quando i dati vengono elaborati negli Stati Uniti.<\/p>\n\n<p>Il servizio Google Analytics viene utilizzato per analizzare il comportamento di utilizzo del nostro sito web.\nLa base giuridica \u00e8 l&#8217;Art. 6 para.  1 lit.\nf) GDPR.\nIl nostro legittimo interesse consiste nell&#8217;analisi, nell&#8217;ottimizzazione e nel funzionamento economico del nostro sito web.  <\/p>\n\n<p>Informazioni relative all&#8217;uso e all&#8217;utente, come l&#8217;indirizzo IP e la posizione geografica\nL&#8217;indirizzo IP, la posizione, l&#8217;ora o la frequenza delle visite al nostro sito web vengono trasmessi a un server di Google negli Stati Uniti e l\u00ec memorizzati.\nTuttavia, utilizziamo Google Analytics con la cosiddetta funzione di anonimizzazione.\nQuesta funzione consente a Google di troncare l&#8217;indirizzo IP all&#8217;interno dell&#8217;UE o del SEE.   <\/p>\n\n<p>I dati cos\u00ec raccolti vengono a loro volta utilizzati da Google per fornirci una valutazione delle visite al nostro sito web e delle attivit\u00e0 di utilizzo.\nQuesti dati possono essere utilizzati anche per fornire altri servizi relativi all&#8217;uso del nostro sito web e all&#8217;uso di Internet. <\/p>\n\n<p>Google dichiara di non associare il tuo indirizzo IP a nessun altro dato.\nInoltre, Google conserva <\/p>\n\n<figure class=\"wp-block-embed\"><div class=\"wp-block-embed__wrapper\"> \nhttps:\/\/www.google.com\/intl\/de\/policies\/privacy\/partners\n <\/div><\/figure>\n\n<p>ulteriori informazioni sulla protezione dei dati, ad esempio\nanche sulle opzioni per impedire l&#8217;utilizzo dei dati. <\/p>\n\n<p>Google offre anche<\/p>\n\n<figure class=\"wp-block-embed\"><div class=\"wp-block-embed__wrapper\"> \nhttps:\/\/tools.google.com\/dlpage\/gaoptout?hl=de\n <\/div><\/figure>\n\n<p>un cosiddetto componente aggiuntivo di disattivazione e ulteriori informazioni in merito.\nQuesto componente aggiuntivo pu\u00f2 essere installato sui pi\u00f9 comuni browser Internet e ti offre un ulteriore controllo sui dati che Google raccoglie quando visiti il nostro sito web.\nIl componente aggiuntivo informa il JavaScript (ga.js) di Google Analytics che le informazioni sulla tua visita al nostro sito web non devono essere trasmesse a Google Analytics.\nTuttavia, ci\u00f2 non impedisce che le informazioni vengano trasmesse a noi o ad altri servizi di analisi web.\nPer sapere se e quali altri servizi di analisi web utilizziamo, consulta la presente informativa sulla privacy.    <\/p>\n\n<h4 class=\"wp-block-heading\">Google Fonts<\/h4>\n\n<p>Sul nostro sito web utilizziamo Google Fonts per visualizzare i caratteri esterni.\nSi tratta di un servizio fornito da Google LLC, Gordon House, Barrow Street, Dublino 4, Irlanda, di seguito denominato &#8220;Google&#8221;. <\/p>\n\n<p>Attraverso la certificazione in conformit\u00e0 con lo Scudo per la privacy UE-USA<\/p>\n\n<figure class=\"wp-block-embed\"><div class=\"wp-block-embed__wrapper\"> \nhttps:\/\/www.privacyshield.gov\/participant?id=a2zt000000001L5AAI&#038;status=Active\n <\/div><\/figure>\n\n<p>Google garantisce che i requisiti di protezione dei dati dell&#8217;UE sono rispettati anche quando i dati vengono elaborati negli Stati Uniti.<\/p>\n\n<p>Per consentire la visualizzazione di determinati font sul nostro sito web, quando si accede al nostro sito web viene stabilita una connessione al server di Google negli Stati Uniti.<\/p>\n\n<p>La base giuridica \u00e8 l&#8217;Art. 6 para.\n1 lit.\nf) del GDPR.\nIl nostro legittimo interesse consiste nell&#8217;ottimizzazione e nel funzionamento economico del nostro sito web.   <\/p>\n\n<p>La connessione a Google stabilita al momento dell&#8217;accesso al nostro sito web consente a Google di determinare da quale sito web \u00e8 stata inviata la richiesta e a quale indirizzo IP deve essere trasmessa la visualizzazione del carattere.<\/p>\n\n<p>Google offre sotto<\/p>\n\n<figure class=\"wp-block-embed\"><div class=\"wp-block-embed__wrapper\"> \nhttps:\/\/adssettings.google.com\/authenticated\n <\/div><\/figure>\n\n<figure class=\"wp-block-embed\"><div class=\"wp-block-embed__wrapper\"> \nhttps:\/\/policies.google.com\/privacy\n <\/div><\/figure>\n\n<p>ulteriori informazioni, in particolare sulle opzioni per impedire l&#8217;uso dei dati.<\/p>\n\n<h2 class=\"wp-block-heading\">Informativa sulla privacy di Facebook<\/h2>\n\n<p>Sul nostro sito web utilizziamo alcuni strumenti di Facebook. Facebook \u00e8 un social network della societ\u00e0 Facebook Ireland Ltd, 4 Grand Canal Square, Grand Canal Harbour, Dublino 2 Irlanda. Con l&#8217;aiuto di questi strumenti, possiamo offrire a te e alle persone interessate ai nostri prodotti e servizi la migliore esperienza possibile. Di seguito ti forniamo una panoramica dei vari strumenti di Facebook, dei dati che vengono inviati a Facebook e di come puoi cancellarli.<\/p>\n\n<h3 class=\"wp-block-heading\">Cosa sono gli strumenti di Facebook?<\/h3>\n\n<p>Oltre a molti altri prodotti, Facebook offre anche i cosiddetti &#8220;Facebook Business Tools&#8221;.\nQuesto \u00e8 il termine ufficiale utilizzato da Facebook.\nTuttavia, poich\u00e9 il termine \u00e8 poco conosciuto, abbiamo deciso di chiamarli semplicemente strumenti di Facebook.\nQuesti includono, tra gli altri:   <\/p>\n\n<ul class=\"wp-block-list\">\n<li>Pixel di Facebook<\/li>\n\n\n\n<li>plug-in sociali (come il pulsante &#8220;Mi piace&#8221; o &#8220;Condividi&#8221;)<\/li>\n\n\n\n<li>Accesso a Facebook<\/li>\n\n\n\n<li>Kit Account<\/li>\n\n\n\n<li>API (interfaccia di programmazione)<\/li>\n\n\n\n<li>SDK (raccolta di strumenti di programmazione)<\/li>\n\n\n\n<li>Integrazioni di piattaforme<\/li>\n\n\n\n<li>Plugin<\/li>\n\n\n\n<li>Codici<\/li>\n\n\n\n<li>Specifiche<\/li>\n\n\n\n<li>Documentazioni<\/li>\n\n\n\n<li>Tecnologie e servizi<\/li>\n<\/ul>\n\n<p>Grazie a questi strumenti, Facebook sta ampliando i suoi servizi e ha la possibilit\u00e0 di ottenere informazioni sulle attivit\u00e0 degli utenti al di fuori di Facebook.<\/p>\n\n<h3 class=\"wp-block-heading\">Perch\u00e9 utilizziamo gli strumenti di Facebook sul nostro sito web?<\/h3>\n\n<p>Vogliamo mostrare i nostri servizi e prodotti solo alle persone realmente interessate.\nPossiamo raggiungere proprio queste persone con l&#8217;aiuto di annunci pubblicitari (Facebook ads).\nTuttavia, Facebook ha bisogno di informazioni sui desideri e le esigenze delle persone per mostrare agli utenti le inserzioni pi\u00f9 adatte.\nPer questo motivo, l&#8217;azienda riceve informazioni sul comportamento degli utenti (e i loro dati di contatto) sul nostro sito web.\nDi conseguenza, Facebook raccoglie dati migliori sugli utenti e pu\u00f2 mostrare alle persone interessate annunci pubblicitari adeguati sui nostri prodotti e servizi.\nGli strumenti consentono quindi di realizzare campagne pubblicitarie personalizzate su Facebook.     <\/p>\n\n<p>Facebook chiama i dati relativi al tuo comportamento sul nostro sito web &#8220;dati degli eventi&#8221;.\nQuesti dati vengono utilizzati anche per i servizi di misurazione e analisi.\nFacebook pu\u00f2 cos\u00ec creare per nostro conto dei &#8220;rapporti sulle campagne&#8221; sull&#8217;impatto delle nostre campagne pubblicitarie.\nInoltre, le analisi ci permettono di capire meglio come utilizzi i nostri servizi, il nostro sito web o i nostri prodotti.\nQuesto ci permette di ottimizzare l&#8217;esperienza dell&#8217;utente sul nostro sito web con alcuni di questi strumenti.\nAd esempio, puoi utilizzare i social plug-in per condividere i contenuti del nostro sito direttamente su Facebook.     <\/p>\n\n<h3 class=\"wp-block-heading\">Quali dati vengono memorizzati dagli strumenti di Facebook?<\/h3>\n\n<p>Utilizzando i singoli strumenti di Facebook, i dati personali (dati del cliente) possono essere inviati a Facebook.\nA seconda degli strumenti utilizzati, possono essere inviati dati del cliente come nome, indirizzo, numero di telefono e indirizzo IP. <\/p>\n\n<p>Facebook utilizza queste informazioni per confrontare i dati con quelli che possiede su di te (se sei iscritto a Facebook).\nPrima che i dati del cliente vengano trasmessi a Facebook, vengono sottoposti a un processo di hashing.\nCi\u00f2 significa che un insieme di dati di qualsiasi dimensione viene trasformato in una stringa di caratteri.\nQuesto serve anche a criptare i dati.   <\/p>\n\n<p>Oltre ai dati di contatto, vengono trasmessi anche i &#8220;dati dell&#8217;evento&#8221;.\nI &#8220;dati dell&#8217;evento&#8221; si riferiscono alle informazioni che riceviamo su di te sul nostro sito web.\nAd esempio, quali sottopagine visiti o quali prodotti acquisti da noi.\nFacebook non condivide le informazioni ricevute con terze parti (come gli inserzionisti) a meno che l&#8217;azienda non abbia un&#8217;autorizzazione esplicita o sia obbligata per legge a farlo.\nI &#8220;dati degli eventi&#8221; possono anche essere collegati ai dati di contatto.\nCi\u00f2 consente a Facebook di offrire una pubblicit\u00e0 pi\u00f9 personalizzata.\nDopo il suddetto processo di abbinamento, Facebook cancella nuovamente i dati di contatto.      <\/p>\n\n<p>Al fine di ottimizzare l&#8217;invio di annunci pubblicitari, Facebook utilizza i dati dell&#8217;evento solo se sono stati combinati con altri dati (raccolti da Facebook in altri modi).\nFacebook utilizza i dati degli eventi anche per scopi di sicurezza, protezione, sviluppo e ricerca.\nMolti di questi dati vengono trasferiti a Facebook tramite i cookie.\nI cookie sono piccoli file di testo che vengono utilizzati per memorizzare dati o informazioni nei browser.\nA seconda degli strumenti utilizzati e del fatto che tu sia iscritto a Facebook, nel tuo browser viene memorizzato un numero diverso di cookie.\nPer maggiori dettagli sui singoli cookie di Facebook, ti invitiamo a consultare le descrizioni dei singoli strumenti di Facebook.\nPuoi trovare informazioni generali sull&#8217;uso dei cookie di Facebook anche su <a href=\"https:\/\/www.facebook.com\/policies\/cookies?tid=211144617\" target=\"_blank\" rel=\"noreferrer noopener\">https:\/\/www.facebook.com\/policies\/cookies.<\/a>      <\/p>\n\n<h3 class=\"wp-block-heading\">Per quanto tempo e dove vengono conservati i dati?<\/h3>\n\n<p>In linea di massima, Facebook conserva i dati fino a quando non sono pi\u00f9 necessari per i propri servizi e prodotti.\nFacebook ha server in tutto il mondo dove vengono conservati i suoi dati.\nTuttavia, i dati dei clienti vengono cancellati entro 48 ore dal confronto con i dati degli utenti dell&#8217;azienda.  <\/p>\n\n<h3 class=\"wp-block-heading\">Come posso cancellare i miei dati o impedirne la memorizzazione?<\/h3>\n\n<p>In conformit\u00e0 con il Regolamento generale sulla protezione dei dati, hai diritto all&#8217;informazione, alla correzione, alla trasferibilit\u00e0 e alla cancellazione dei tuoi dati.<\/p>\n\n<p>I dati verranno eliminati completamente solo se cancellerai completamente il tuo account Facebook.\nEcco come funziona l&#8217;eliminazione del tuo account Facebook: <\/p>\n\n<p>1) Clicca su Impostazioni nella parte destra di Facebook.<\/p>\n\n<p>2) Poi clicca su &#8220;Le tue informazioni su Facebook&#8221; nella colonna di sinistra.<\/p>\n\n<p>3) Ora clicca su &#8220;Disattivazione e cancellazione&#8221;.<\/p>\n\n<p>4) Ora seleziona &#8220;Elimina account&#8221; e poi clicca su &#8220;Continua ed elimina account&#8221;.<\/p>\n\n<p>5) Ora inserisci la tua password, clicca su &#8220;Avanti&#8221; e poi su &#8220;Elimina account&#8221;.<\/p>\n\n<p>I dati che Facebook riceve tramite il nostro sito vengono memorizzati utilizzando, tra l&#8217;altro, i cookie (ad esempio per i social plugin).\nPuoi disattivare, eliminare o gestire singoli o tutti i cookie nel tuo browser.\nA seconda del browser utilizzato, questo funziona in modi diversi.   Le seguenti istruzioni ti mostrano come gestire i cookie nel tuo browser:<\/p>\n\n<p><a href=\"https:\/\/support.google.com\/chrome\/answer\/95647?tid=211144617\" target=\"_blank\" rel=\"noreferrer noopener\"><\/a><a href=\"https:\/\/support.google.com\/chrome\/answer\/95647?tid=211144617\" target=\"_blank\" rel=\"noopener\">Chrome: eliminare, attivare e gestire i cookie in Chrome<\/a><\/p>\n\n<p><a href=\"https:\/\/support.apple.com\/de-at\/guide\/safari\/sfri11471\/mac?tid=211144617\" target=\"_blank\" rel=\"noreferrer noopener\"><\/a><a href=\"https:\/\/support.apple.com\/de-at\/guide\/safari\/sfri11471\/mac?tid=211144617\" target=\"_blank\" rel=\"noopener\">Safari: Gestione dei cookie e dei dati dei siti web con Safari<\/a><\/p>\n\n<p><a href=\"https:\/\/support.mozilla.org\/de\/kb\/cookies-und-website-daten-in-firefox-loschen?tid=211144617\" target=\"_blank\" rel=\"noreferrer noopener\"><\/a><a href=\"https:\/\/support.mozilla.org\/de\/kb\/cookies-und-website-daten-in-firefox-loschen?tid=211144617\" target=\"_blank\" rel=\"noopener\">Firefox: Elimina i cookie per rimuovere i dati che i siti web hanno memorizzato sul tuo computer<\/a><\/p>\n\n<p><a href=\"https:\/\/support.microsoft.com\/de-at\/help\/17442\/windows-internet-explorer-delete-manage-cookies?tid=211144617\" target=\"_blank\" rel=\"noreferrer noopener\"><\/a><a href=\"https:\/\/support.microsoft.com\/de-at\/help\/17442\/windows-internet-explorer-delete-manage-cookies?tid=211144617\" target=\"_blank\" rel=\"noopener\">Internet Explorer: eliminare e gestire i cookie<\/a><\/p>\n\n<p><a href=\"https:\/\/support.microsoft.com\/de-at\/help\/4027947\/windows-delete-cookies?tid=211144617\" target=\"_blank\" rel=\"noreferrer noopener\"><\/a><a href=\"https:\/\/support.microsoft.com\/de-at\/help\/4027947\/windows-delete-cookies?tid=211144617\" target=\"_blank\" rel=\"noopener\">Microsoft Edge: eliminare e gestire i cookie<\/a><\/p>\n\n<p>Se in generale non vuoi avere cookie, puoi impostare il tuo browser in modo che ti informi sempre quando viene impostato un cookie.\nIn questo modo potrai decidere per ogni singolo cookie se consentirlo o meno. <\/p>\n\n<p>Facebook partecipa attivamente al Privacy Shield Framework UE-USA, che regola il trasferimento corretto e sicuro dei dati personali.\nPuoi trovare maggiori informazioni al riguardo su <a href=\"https:\/\/www.privacyshield.gov\/participant?id=a2zt0000000GnywAAC\" target=\"_blank\" rel=\"noreferrer noopener\">https:\/\/www.privacyshield.gov\/participant?id=a2zt0000000GnywAAC.<\/a>\nSperiamo di averti fornito le informazioni pi\u00f9 importanti sull&#8217;utilizzo e sul trattamento dei dati da parte degli strumenti di Facebook.\nSe vuoi saperne di pi\u00f9 su come Facebook utilizza i tuoi dati, ti consigliamo di leggere l&#8217;informativa sui dati personali all&#8217;indirizzo <a href=\"https:\/\/www.facebook.com\/about\/privacy\/update\" target=\"_blank\" rel=\"noreferrer noopener\">https:\/\/www.facebook.com\/about\/privacy\/update.<\/a>   <\/p>\n\n<p>Fonte: Creato con il <a href=\"https:\/\/www.firmenwebseiten.at\/datenschutz-generator\/\" target=\"_blank\" rel=\"noreferrer noopener\">generatore di protezione dei dati<\/a> di firmenwebseiten.at<\/p>\n","protected":false},"excerpt":{"rendered":"<p>DICHIARAZIONE DI PROTEZIONE DEI DATI CONTRATTUALI &#8211;V1.0 da Rei development GmbH, di seguito denominata Reidev. Protezione dei dati da parte di Reidev.Il trattamento dei dati personali del Cliente o dei suoi dipendenti interessati da parte di Reidev ai fini dell&#8217;esecuzione del contratto si basa sul consenso volontario del Cliente (ad esempio nel caso di particolari [&hellip;]<\/p>\n","protected":false},"author":1,"featured_media":0,"parent":0,"menu_order":0,"comment_status":"closed","ping_status":"open","template":"","meta":{"footnotes":""},"class_list":["post-3973","page","type-page","status-publish","hentry"],"post_mailing_queue_ids":[],"_links":{"self":[{"href":"https:\/\/mybuilding24.com\/it\/wp-json\/wp\/v2\/pages\/3973","targetHints":{"allow":["GET"]}}],"collection":[{"href":"https:\/\/mybuilding24.com\/it\/wp-json\/wp\/v2\/pages"}],"about":[{"href":"https:\/\/mybuilding24.com\/it\/wp-json\/wp\/v2\/types\/page"}],"author":[{"embeddable":true,"href":"https:\/\/mybuilding24.com\/it\/wp-json\/wp\/v2\/users\/1"}],"replies":[{"embeddable":true,"href":"https:\/\/mybuilding24.com\/it\/wp-json\/wp\/v2\/comments?post=3973"}],"version-history":[{"count":1,"href":"https:\/\/mybuilding24.com\/it\/wp-json\/wp\/v2\/pages\/3973\/revisions"}],"predecessor-version":[{"id":3975,"href":"https:\/\/mybuilding24.com\/it\/wp-json\/wp\/v2\/pages\/3973\/revisions\/3975"}],"wp:attachment":[{"href":"https:\/\/mybuilding24.com\/it\/wp-json\/wp\/v2\/media?parent=3973"}],"curies":[{"name":"wp","href":"https:\/\/api.w.org\/{rel}","templated":true}]}}