{"id":2769,"date":"2024-06-24T13:47:34","date_gmt":"2024-06-24T11:47:34","guid":{"rendered":"https:\/\/mybuilding24.com\/declaration-de-confidentialite\/"},"modified":"2024-09-24T15:00:49","modified_gmt":"2024-09-24T15:00:49","slug":"declaration-de-confidentialite","status":"publish","type":"page","link":"https:\/\/mybuilding24.com\/fr\/declaration-de-confidentialite\/","title":{"rendered":"D\u00e9claration de confidentialit\u00e9"},"content":{"rendered":"\n<h3 class=\"wp-block-heading\"><strong>D\u00c9CLARATION DE CONFIDENTIALIT\u00c9 DU CONTRAT &#8211;<\/strong><small>V1.0<\/small><\/h3>\n\n<p>de <strong>Rei development GmbH<\/strong>, ci-apr\u00e8s d\u00e9nomm\u00e9e Reidev.<\/p>\n\n<p><strong>Protection des donn\u00e9es par Reidev.<\/strong> Le traitement des donn\u00e9es personnelles du client ou de ses employ\u00e9s concern\u00e9s par Reidev aux fins de l&rsquo;ex\u00e9cution du contrat se fait sur la base du consentement volontaire du client (par exemple pour des cat\u00e9gories particuli\u00e8res de donn\u00e9es personnelles), de la relation contractuelle existante et des dispositions l\u00e9gales.<br\/>Il n&rsquo;y a aucune obligation de donner le consentement (par exemple pour des cat\u00e9gories particuli\u00e8res de donn\u00e9es personnelles) et de conclure le contrat.\nToutefois, la non-obtention du consentement ou l&rsquo;absence de conclusion du contrat aurait pour cons\u00e9quence l&rsquo;impossibilit\u00e9 d&rsquo;accepter la commande. <\/p>\n\n<p><strong>Traitement ult\u00e9rieur.<\/strong> Un traitement ult\u00e9rieur des donn\u00e9es, compatible avec l&rsquo;objectif de l&rsquo;ex\u00e9cution du contrat, est effectu\u00e9 par Reidev \u00e0 des fins de marketing direct sous des formes non soumises \u00e0 consentement, telles que l&rsquo;envoi postal adress\u00e9 de publicit\u00e9.<br\/>Un traitement ult\u00e9rieur \u00e0 des fins de marketing direct sous des formes soumises \u00e0 consentement, telles que l&rsquo;envoi \u00e9lectronique de publicit\u00e9 ou la diffusion d&rsquo;annonces publicitaires personnelles, n&rsquo;est effectu\u00e9 que sur la base d&rsquo;un consentement volontaire suppl\u00e9mentaire du client.\nIl n&rsquo;y a aucune obligation de donner ce consentement.\nLa non-obtention de ce consentement aurait pour seule cons\u00e9quence que le donneur d&rsquo;ordre ne recevrait pas de publicit\u00e9 sous des formes n\u00e9cessitant son consentement.  <\/p>\n\n<p><strong>Transmission des donn\u00e9es.<\/strong> Toutes les donn\u00e9es sont soumises \u00e0 l&rsquo;obligation convenue ou l\u00e9gale de confidentialit\u00e9 et de protection des donn\u00e9es personnelles. La transmission des donn\u00e9es du client, \u00e0 l&rsquo;exception de la transmission \u00e0 des destinataires \u00e9conomiques typiques tels que les banques, les conseillers fiscaux, les avocats, les prestataires de services d&rsquo;exp\u00e9dition, etc., n&rsquo;a lieu que sur la base de la loi ou en accord avec le client.<\/p>\n\n<p><strong>Traitement dans le monde entier.<\/strong>  Le Client consent au traitement de ses donn\u00e9es dans le monde entier, notamment \u00e0 des fins d&rsquo;acc\u00e8s \u00e0 distance par Reidev pour des traitements li\u00e9s \u00e0 la commande, par exemple en cas d&rsquo;urgence pendant les missions de Reidev.<\/p>\n\n<p><strong>Dur\u00e9e de stockage.<\/strong>  Les donn\u00e9es du client sont conserv\u00e9es \u00e0 des fins de documentation et de respect des obligations l\u00e9gales pendant une dur\u00e9e maximale de trente ans apr\u00e8s la fin des missions.<\/p>\n\n<p><strong>Droit de r\u00e9tractation.<\/strong>  Le client a le droit de r\u00e9voquer son consentement \u00e0 tout moment.\nDans le cas o\u00f9 le consentement est donn\u00e9 par \u00e9crit, la r\u00e9vocation ne peut se faire que par \u00e9crit ; dans le cas o\u00f9 le consentement est donn\u00e9 pour recevoir de la publicit\u00e9 \u00e9lectronique, cela peut \u00e9galement se faire, le cas \u00e9ch\u00e9ant, en cliquant sur le lien de d\u00e9sinscription.\nDans ce cas, le traitement est interrompu, sauf s&rsquo;il existe une autre base juridique.\nLa l\u00e9galit\u00e9 des donn\u00e9es trait\u00e9es jusqu&rsquo;\u00e0 la r\u00e9vocation n&rsquo;est pas affect\u00e9e par la r\u00e9vocation.   <\/p>\n\n<p><strong>Droit d&rsquo;opposition.<\/strong>  Le client a le droit de s&rsquo;opposer au traitement de ses donn\u00e9es \u00e0 caract\u00e8re personnel \u00e0 des fins de prospection directe.\nEn cas d&rsquo;opposition, vos donn\u00e9es \u00e0 caract\u00e8re personnel ne seront plus trait\u00e9es \u00e0 des fins de prospection directe. <\/p>\n\n<p><strong>Droits des personnes concern\u00e9es.<\/strong> Le client ou ses employ\u00e9s concern\u00e9s ont le droit d&rsquo;acc\u00e9der \u00e0 leurs donn\u00e9es personnelles, de les rectifier et de les supprimer, le droit de limiter le traitement des donn\u00e9es, le droit \u00e0 la portabilit\u00e9 des donn\u00e9es et le droit de d\u00e9poser une plainte aupr\u00e8s de l&rsquo;autorit\u00e9 de protection des donn\u00e9es.\nLes coordonn\u00e9es de l&rsquo;autorit\u00e9 autrichienne de protection des donn\u00e9es sont les suivantes : \u00d6sterreichische Datenschutzbeh\u00f6rde, Barichgasse 40-42, 1030 Vienne, t\u00e9l\u00e9phone : +43 1 531 152 &#8211; 0,<br\/>e-mail : <a href=\"mailto:dsb@dsb.gv.at\">dsb@dsb.gv.at.<\/a> <\/p>\n\n<h4 class=\"wp-block-heading\">Dispositions finales.<\/h4>\n\n<p><strong>CONDITIONS G\u00c9N\u00c9RALES DE VENTE.<\/strong>  Les conditions g\u00e9n\u00e9rales de Reidev s&rsquo;appliquent.<\/p>\n\n<h4 class=\"wp-block-heading\">Opt-out Matomo<\/h4>\n\n<p id=\"matomo_opted_in_intro\">Vous avez la possibilit\u00e9 d&#8217;emp\u00eacher que les actions que vous effectuez ici soient analys\u00e9es et associ\u00e9es.\nCela prot\u00e9gera votre vie priv\u00e9e, mais emp\u00eachera \u00e9galement le propri\u00e9taire d&rsquo;apprendre de vos actions et d&rsquo;am\u00e9liorer la convivialit\u00e9 pour vous et les autres utilisateurs. <strong>Votre visite sur ce site web est actuellement enregistr\u00e9e par l&rsquo;outil d&rsquo;analyse web Matomo.\nD\u00e9cochez cette case pour l&rsquo;opt-out. <\/strong><\/p>\n\n<h4 class=\"wp-block-heading\">Google Analytics<\/h4>\n\n<p>Nous utilisons Google Analytics sur notre site Internet.\nIl s&rsquo;agit d&rsquo;un service d&rsquo;analyse web fourni par Google LLC, Gordon House, Barrow Street, Dublin 4, Irlande, ci-apr\u00e8s d\u00e9nomm\u00e9 \u00ab\u00a0Google\u00a0\u00bb. <\/p>\n\n<p>Gr\u00e2ce \u00e0 la certification du Bouclier de protection des donn\u00e9es UE-\u00c9tats-Unis (\u00ab\u00a0EU-US Privacy Shield\u00a0\u00bb)<\/p>\n\n<figure class=\"wp-block-embed\"><div class=\"wp-block-embed__wrapper\"> \nhttps:\/\/www.privacyshield.gov\/participant?id=a2zt000000001L5AAI&#038;status=Active\n <\/div><\/figure>\n\n<p>Google garantit que les exigences de l&rsquo;UE en mati\u00e8re de protection des donn\u00e9es seront \u00e9galement respect\u00e9es lors du traitement des donn\u00e9es aux \u00c9tats-Unis.<\/p>\n\n<p>Le service Google Analytics sert \u00e0 analyser le comportement d&rsquo;utilisation de notre site Internet.\nLa base juridique est l&rsquo;art. 6 al.\n1 lit.\nf) du RGPD.\nNotre int\u00e9r\u00eat l\u00e9gitime r\u00e9side dans l&rsquo;analyse, l&rsquo;optimisation et le fonctionnement \u00e9conomique de notre pr\u00e9sence sur Internet.    <\/p>\n\n<p>Les informations relatives \u00e0 l&rsquo;utilisation et \u00e0 l&rsquo;utilisateur, comme par ex.\nL&rsquo;adresse IP, le lieu, l&rsquo;heure ou la fr\u00e9quence de visite de notre site Internet sont transmis \u00e0 un serveur de Google aux \u00c9tats-Unis et y sont enregistr\u00e9s.\nToutefois, nous utilisons Google Analytics avec la fonction dite d&rsquo;anonymisation.\nGr\u00e2ce \u00e0 cette fonction, Google raccourcit l&rsquo;adresse IP d\u00e9j\u00e0 au sein de l&rsquo;UE ou de l&rsquo;EEE.   <\/p>\n\n<p>Les donn\u00e9es ainsi collect\u00e9es sont \u00e0 leur tour utilis\u00e9es par Google pour nous fournir une \u00e9valuation de la visite de notre site Internet et de ses activit\u00e9s d&rsquo;utilisation.\nCes donn\u00e9es peuvent \u00e9galement \u00eatre utilis\u00e9es pour fournir d&rsquo;autres services li\u00e9s \u00e0 l&rsquo;utilisation de notre site Internet et \u00e0 l&rsquo;utilisation d&rsquo;Internet. <\/p>\n\n<p>Google indique qu&rsquo;il n&rsquo;associe pas votre adresse IP \u00e0 d&rsquo;autres donn\u00e9es.\nEn outre, Google conserve des informations sur les utilisateurs \u00e0 l&rsquo;adresse <\/p>\n\n<figure class=\"wp-block-embed\"><div class=\"wp-block-embed__wrapper\"> \nhttps:\/\/www.google.com\/intl\/de\/policies\/privacy\/partners\n <\/div><\/figure>\n\n<p>vous fournissent des informations suppl\u00e9mentaires sur la protection des donn\u00e9es.\nVous pouvez \u00e9galement vous renseigner sur les possibilit\u00e9s de bloquer l&rsquo;utilisation des donn\u00e9es. <\/p>\n\n<p>En outre, Google propose des services de recherche sur<\/p>\n\n<figure class=\"wp-block-embed\"><div class=\"wp-block-embed__wrapper\"> \nhttps:\/\/tools.google.com\/dlpage\/gaoptout?hl=de\n <\/div><\/figure>\n\n<p>un module compl\u00e9mentaire de d\u00e9sactivation et d&rsquo;autres informations \u00e0 ce sujet.\nCe module compl\u00e9mentaire peut \u00eatre install\u00e9 avec les navigateurs Internet courants et vous offre une possibilit\u00e9 de contr\u00f4le suppl\u00e9mentaire sur les donn\u00e9es que Google collecte lorsque vous consultez notre site Internet.\nLe module compl\u00e9mentaire indique au JavaScript (ga.js) de Google Analytics que les informations relatives \u00e0 la visite de notre site Internet ne doivent pas \u00eatre transmises \u00e0 Google Analytics.\nCela n&#8217;emp\u00eache toutefois pas que des informations nous soient transmises ou soient transmises \u00e0 d&rsquo;autres services d&rsquo;analyse web.\nPour savoir si nous utilisons d&rsquo;autres services d&rsquo;analyse web et, le cas \u00e9ch\u00e9ant, lesquels, veuillez consulter la pr\u00e9sente d\u00e9claration de confidentialit\u00e9.    <\/p>\n\n<h4 class=\"wp-block-heading\">Google Fonts<\/h4>\n\n<p>Sur notre site Internet, nous utilisons Google Fonts pour afficher des polices de caract\u00e8res externes.\nIl s&rsquo;agit d&rsquo;un service de Google LLC, Gordon House, Barrow Street, Dublin 4, Irlande, ci-apr\u00e8s d\u00e9nomm\u00e9 simplement \u00ab\u00a0Google\u00a0\u00bb. <\/p>\n\n<p>Gr\u00e2ce \u00e0 la certification du Bouclier de protection des donn\u00e9es UE-\u00c9tats-Unis (\u00ab\u00a0EU-US Privacy Shield\u00a0\u00bb)<\/p>\n\n<figure class=\"wp-block-embed\"><div class=\"wp-block-embed__wrapper\"> \nhttps:\/\/www.privacyshield.gov\/participant?id=a2zt000000001L5AAI&#038;status=Active\n <\/div><\/figure>\n\n<p>Google garantit que les exigences de l&rsquo;UE en mati\u00e8re de protection des donn\u00e9es seront \u00e9galement respect\u00e9es lors du traitement des donn\u00e9es aux \u00c9tats-Unis.<\/p>\n\n<p>Afin de permettre l&rsquo;affichage de certaines polices sur notre site Internet, une connexion est \u00e9tablie avec le serveur Google aux \u00c9tats-Unis lors de la consultation de notre site Internet.<\/p>\n\n<p>La base juridique est l&rsquo;art. 6 al.\n1 lit.\nf) du RGPD.\nNotre int\u00e9r\u00eat l\u00e9gitime r\u00e9side dans l&rsquo;optimisation et l&rsquo;exploitation \u00e9conomique de notre pr\u00e9sence sur Internet.   <\/p>\n\n<p>La connexion \u00e9tablie avec Google lors de la consultation de notre site Internet permet \u00e0 Google de d\u00e9terminer le site Internet \u00e0 partir duquel votre demande a \u00e9t\u00e9 envoy\u00e9e et l&rsquo;adresse IP \u00e0 laquelle la repr\u00e9sentation de l&rsquo;\u00e9criture doit \u00eatre transmise.<\/p>\n\n<p>Google propose un service d&rsquo;h\u00e9bergement sur<\/p>\n\n<figure class=\"wp-block-embed\"><div class=\"wp-block-embed__wrapper\"> \nhttps:\/\/adssettings.google.com\/authenticated\n <\/div><\/figure>\n\n<figure class=\"wp-block-embed\"><div class=\"wp-block-embed__wrapper\"> \nhttps:\/\/policies.google.com\/privacy\n <\/div><\/figure>\n\n<p>Pour de plus amples informations, notamment sur les possibilit\u00e9s d&#8217;emp\u00eacher l&rsquo;utilisation des donn\u00e9es, veuillez consulter le site web de la Commission europ\u00e9enne.<\/p>\n\n<h2 class=\"wp-block-heading\">Politique de confidentialit\u00e9 de Facebook<\/h2>\n\n<p>Nous utilisons des outils s\u00e9lectionn\u00e9s de Facebook sur notre site web. Facebook est un r\u00e9seau social appartenant \u00e0 la soci\u00e9t\u00e9 Facebook Ireland Ltd, 4 Grand Canal Square, Grand Canal Harbour, Dublin 2 Ireland. Ces outils nous permettent de vous proposer la meilleure offre possible, \u00e0 vous et aux personnes qui s&rsquo;int\u00e9ressent \u00e0 nos produits et services. Vous trouverez ci-dessous un aper\u00e7u des diff\u00e9rents outils Facebook, des donn\u00e9es qui sont envoy\u00e9es \u00e0 Facebook et de la mani\u00e8re dont vous pouvez les supprimer.<\/p>\n\n<h3 class=\"wp-block-heading\">Que sont les outils Facebook ?<\/h3>\n\n<p>Parmi de nombreux autres produits, Facebook propose \u00e9galement ce que l&rsquo;on appelle les \u00ab\u00a0Facebook Business Tools\u00a0\u00bb.\nC&rsquo;est le nom officiel de Facebook.\nMais comme le terme est peu connu, nous avons d\u00e9cid\u00e9 de les appeler simplement Facebook Tools.\nParmi eux, on trouve entre autres   <\/p>\n\n<ul class=\"wp-block-list\">\n<li>Pixel Facebook<\/li>\n\n\n\n<li>les plug-ins sociaux (comme le bouton \u00ab\u00a0J&rsquo;aime\u00a0\u00bb ou \u00ab\u00a0Partager\u00a0\u00bb)<\/li>\n\n\n\n<li>Connexion \u00e0 Facebook<\/li>\n\n\n\n<li>Kit de compte<\/li>\n\n\n\n<li>API (interface de programmation)<\/li>\n\n\n\n<li>SDK (collection d&rsquo;outils de programmation)<\/li>\n\n\n\n<li>Int\u00e9grations de plateformes<\/li>\n\n\n\n<li>Plugins<\/li>\n\n\n\n<li>Codes<\/li>\n\n\n\n<li>Sp\u00e9cifications<\/li>\n\n\n\n<li>Documentations<\/li>\n\n\n\n<li>Technologies et services<\/li>\n<\/ul>\n\n<p>Gr\u00e2ce \u00e0 ces outils, Facebook \u00e9tend ses services et a la possibilit\u00e9 d&rsquo;obtenir des informations sur l&rsquo;activit\u00e9 des utilisateurs en dehors de Facebook.<\/p>\n\n<h3 class=\"wp-block-heading\">Pourquoi utilisons-nous des outils Facebook sur notre site web ?<\/h3>\n\n<p>Nous voulons montrer nos services et nos produits uniquement aux personnes qui s&rsquo;y int\u00e9ressent vraiment.\nLes publicit\u00e9s Facebook nous permettent d&rsquo;atteindre ces personnes.\nCependant, pour pouvoir montrer des publicit\u00e9s appropri\u00e9es aux utilisateurs, Facebook a besoin d&rsquo;informations sur les souhaits et les besoins des personnes.\nAinsi, des informations sur le comportement des utilisateurs (et des donn\u00e9es de contact) sont mises \u00e0 la disposition de l&rsquo;entreprise sur notre site web.\nCela permet \u00e0 Facebook de collecter de meilleures donn\u00e9es sur les utilisateurs et d&rsquo;afficher des publicit\u00e9s appropri\u00e9es sur nos produits ou services aux personnes int\u00e9ress\u00e9es.\nCes outils permettent donc de r\u00e9aliser des campagnes publicitaires sur mesure sur Facebook.     <\/p>\n\n<p>Les donn\u00e9es relatives \u00e0 votre comportement sur notre site web sont appel\u00e9es \u00ab\u00a0donn\u00e9es d&rsquo;\u00e9v\u00e9nement\u00a0\u00bb par Facebook.\nCelles-ci sont \u00e9galement utilis\u00e9es pour des services de mesure et d&rsquo;analyse.\nFacebook peut ainsi produire des \u00ab\u00a0rapports de campagne\u00a0\u00bb en notre nom sur l&rsquo;impact de nos campagnes publicitaires.\nDe plus, les analyses nous permettent de mieux comprendre comment vous utilisez nos services, notre site web ou nos produits.\nAinsi, certains de ces outils nous permettent d&rsquo;optimiser votre exp\u00e9rience utilisateur sur notre site web.\nPar exemple, les plug-ins sociaux vous permettent de partager du contenu sur notre site directement sur Facebook.     <\/p>\n\n<h3 class=\"wp-block-heading\">Quelles sont les donn\u00e9es enregistr\u00e9es par les outils de Facebook ?<\/h3>\n\n<p>L&rsquo;utilisation de certains outils Facebook peut entra\u00eener l&rsquo;envoi de donn\u00e9es personnelles (donn\u00e9es client) \u00e0 Facebook.\nEn fonction des outils utilis\u00e9s, des donn\u00e9es client telles que le nom, l&rsquo;adresse, le num\u00e9ro de t\u00e9l\u00e9phone et l&rsquo;adresse IP peuvent \u00eatre envoy\u00e9es. <\/p>\n\n<p>Facebook utilise ces informations pour les comparer aux donn\u00e9es qu&rsquo;il d\u00e9tient lui-m\u00eame sur vous (si vous \u00eates membre de Facebook).\nAvant que les donn\u00e9es client ne soient transmises \u00e0 Facebook, un processus appel\u00e9 \u00ab\u00a0hachage\u00a0\u00bb est effectu\u00e9.\nCela signifie qu&rsquo;un ensemble de donn\u00e9es de n&rsquo;importe quelle taille est transform\u00e9 en une cha\u00eene de caract\u00e8res.\nCela sert \u00e9galement \u00e0 crypter les donn\u00e9es.   <\/p>\n\n<p>Outre les donn\u00e9es de contact, des \u00ab\u00a0donn\u00e9es d&rsquo;\u00e9v\u00e9nement\u00a0\u00bb sont \u00e9galement transmises.\nPar \u00ab\u00a0donn\u00e9es d&rsquo;\u00e9v\u00e9nement\u00a0\u00bb, on entend les informations que nous recevons \u00e0 votre sujet sur notre site web.\nPar exemple, les sous-pages que vous visitez ou les produits que vous achetez chez nous.\nFacebook ne partage pas les informations re\u00e7ues avec des tiers (tels que des annonceurs), sauf si l&rsquo;entreprise a une autorisation explicite ou est l\u00e9galement tenue de le faire.\nLes \u00ab\u00a0donn\u00e9es d&rsquo;\u00e9v\u00e9nement\u00a0\u00bb peuvent \u00e9galement \u00eatre associ\u00e9es \u00e0 des informations de contact.\nCela permet \u00e0 Facebook de proposer de meilleures publicit\u00e9s personnalis\u00e9es.\nApr\u00e8s le processus de correspondance mentionn\u00e9 ci-dessus, Facebook supprime les donn\u00e9es de contact.      <\/p>\n\n<p>Afin d&rsquo;optimiser la diffusion des publicit\u00e9s, Facebook n&rsquo;utilise les donn\u00e9es d&rsquo;\u00e9v\u00e9nements que lorsqu&rsquo;elles sont combin\u00e9es \u00e0 d&rsquo;autres donn\u00e9es (collect\u00e9es par d&rsquo;autres moyens par Facebook).\nFacebook utilise \u00e9galement ces donn\u00e9es d&rsquo;\u00e9v\u00e9nement \u00e0 des fins de s\u00e9curit\u00e9, de protection, de d\u00e9veloppement et de recherche.\nBeaucoup de ces donn\u00e9es sont transmises \u00e0 Facebook via des cookies.\nLes cookies sont de petits fichiers texte utilis\u00e9s pour stocker des donn\u00e9es ou des informations dans les navigateurs.\nLe nombre de cookies cr\u00e9\u00e9s dans votre navigateur varie selon les outils que vous utilisez et selon que vous \u00eates ou non membre de Facebook.\nDans les descriptions des diff\u00e9rents outils de Facebook, nous nous penchons plus en d\u00e9tail sur les cookies Facebook individuels.\nVous trouverez \u00e9galement des informations g\u00e9n\u00e9rales sur l&rsquo;utilisation des cookies Facebook sur <a href=\"https:\/\/www.facebook.com\/policies\/cookies?tid=211144617\" target=\"_blank\" rel=\"noreferrer noopener\">https:\/\/www.facebook.com\/policies\/cookies.<\/a>      <\/p>\n\n<h3 class=\"wp-block-heading\">Combien de temps et o\u00f9 les donn\u00e9es sont-elles conserv\u00e9es ?<\/h3>\n\n<p>En principe, Facebook stocke les donn\u00e9es jusqu&rsquo;\u00e0 ce qu&rsquo;elles ne soient plus n\u00e9cessaires pour ses propres services et produits Facebook.\nFacebook a des serveurs dans le monde entier o\u00f9 ses donn\u00e9es sont stock\u00e9es.\nCependant, les donn\u00e9es des clients sont supprim\u00e9es dans les 48 heures apr\u00e8s avoir \u00e9t\u00e9 compar\u00e9es avec les donn\u00e9es des utilisateurs.  <\/p>\n\n<h3 class=\"wp-block-heading\">Comment puis-je supprimer mes donn\u00e9es ou emp\u00eacher leur stockage ?<\/h3>\n\n<p>Conform\u00e9ment au RGPD, vous disposez d&rsquo;un droit d&rsquo;acc\u00e8s, de rectification, de portabilit\u00e9 et d&rsquo;effacement de vos donn\u00e9es.<\/p>\n\n<p>La suppression compl\u00e8te des donn\u00e9es n&rsquo;est possible que si vous supprimez enti\u00e8rement votre compte Facebook.\nVoici comment fonctionne la suppression de votre compte Facebook : <\/p>\n\n<p>1) Cliquez sur Param\u00e8tres \u00e0 droite de Facebook.<\/p>\n\n<p>2) Ensuite, cliquez sur \u00ab\u00a0Vos informations Facebook\u00a0\u00bb dans la colonne de gauche.<\/p>\n\n<p>3) Cliquez maintenant sur \u00ab\u00a0D\u00e9sactivation et suppression\u00a0\u00bb.<\/p>\n\n<p>4) S\u00e9lectionnez maintenant \u00ab\u00a0Supprimer le compte\u00a0\u00bb, puis cliquez sur \u00ab\u00a0Suivant et supprimer le compte\u00a0\u00bb.<\/p>\n\n<p>5) Saisissez votre mot de passe, cliquez sur \u00ab\u00a0Suivant\u00a0\u00bb, puis sur \u00ab\u00a0Supprimer le compte\u00a0\u00bb.<\/p>\n\n<p>Le stockage des donn\u00e9es que Facebook re\u00e7oit via notre site se fait notamment par le biais de cookies (par exemple, pour les plug-ins sociaux).\nDans votre navigateur, vous pouvez d\u00e9sactiver, supprimer ou g\u00e9rer certains ou tous les cookies.\nSelon le navigateur que vous utilisez, cela fonctionne de diff\u00e9rentes mani\u00e8res.\nLes instructions suivantes vous montrent comment g\u00e9rer les cookies dans votre navigateur :   <\/p>\n\n<p><a href=\"https:\/\/support.google.com\/chrome\/answer\/95647?tid=211144617\" target=\"_blank\" rel=\"noreferrer noopener\"><\/a><a href=\"https:\/\/support.google.com\/chrome\/answer\/95647?tid=211144617\" target=\"_blank\" rel=\"noopener\">Google Chrome : Supprimer, activer et g\u00e9rer les cookies dans Google Chrome<\/a><\/p>\n\n<p><a href=\"https:\/\/support.apple.com\/de-at\/guide\/safari\/sfri11471\/mac?tid=211144617\" target=\"_blank\" rel=\"noreferrer noopener\"><\/a><a href=\"https:\/\/support.apple.com\/de-at\/guide\/safari\/sfri11471\/mac?tid=211144617\" target=\"_blank\" rel=\"noopener\">Safari : G\u00e9rer les cookies et les donn\u00e9es du site avec Safari<\/a><\/p>\n\n<p><a href=\"https:\/\/support.mozilla.org\/de\/kb\/cookies-und-website-daten-in-firefox-loschen?tid=211144617\" target=\"_blank\" rel=\"noreferrer noopener\"><\/a><a href=\"https:\/\/support.mozilla.org\/de\/kb\/cookies-und-website-daten-in-firefox-loschen?tid=211144617\" target=\"_blank\" rel=\"noopener\">Firefox : supprimer les cookies pour \u00e9liminer les donn\u00e9es que les sites web ont plac\u00e9es sur votre ordinateur<\/a><\/p>\n\n<p><a href=\"https:\/\/support.microsoft.com\/de-at\/help\/17442\/windows-internet-explorer-delete-manage-cookies?tid=211144617\" target=\"_blank\" rel=\"noreferrer noopener\"><\/a><a href=\"https:\/\/support.microsoft.com\/de-at\/help\/17442\/windows-internet-explorer-delete-manage-cookies?tid=211144617\" target=\"_blank\" rel=\"noopener\">Internet Explorer : Suppression et gestion des cookies<\/a><\/p>\n\n<p><a href=\"https:\/\/support.microsoft.com\/de-at\/help\/4027947\/windows-delete-cookies?tid=211144617\" target=\"_blank\" rel=\"noreferrer noopener\"><\/a><a href=\"https:\/\/support.microsoft.com\/de-at\/help\/4027947\/windows-delete-cookies?tid=211144617\" target=\"_blank\" rel=\"noopener\">Microsoft Edge : Suppression et gestion des cookies<\/a><\/p>\n\n<p>Si, par principe, vous ne voulez pas de cookies, vous pouvez configurer votre navigateur de mani\u00e8re \u00e0 ce qu&rsquo;il vous informe \u00e0 chaque fois qu&rsquo;un cookie doit \u00eatre install\u00e9.\nVous pouvez ainsi d\u00e9cider pour chaque cookie individuel si vous l&rsquo;autorisez ou non. <\/p>\n\n<p>Facebook participe activement au Privacy Shield Framework de l&rsquo;UE et des \u00c9tats-Unis, qui r\u00e9git le transfert correct et s\u00e9curis\u00e9 des donn\u00e9es personnelles.\nVous trouverez plus d&rsquo;informations \u00e0 ce sujet sur <a href=\"https:\/\/www.privacyshield.gov\/participant?id=a2zt0000000GnywAAC\" target=\"_blank\" rel=\"noreferrer noopener\">https:\/\/www.privacyshield.gov\/participant?id=a2zt0000000GnywAAC.<\/a>\nNous esp\u00e9rons vous avoir fourni les informations les plus importantes sur l&rsquo;utilisation et le traitement des donn\u00e9es par les outils de Facebook.\nSi vous souhaitez en savoir plus sur la mani\u00e8re dont Facebook utilise vos donn\u00e9es, nous vous recommandons de consulter la politique de confidentialit\u00e9 sur <a href=\"https:\/\/www.facebook.com\/about\/privacy\/update\" target=\"_blank\" rel=\"noreferrer noopener\">https:\/\/www.facebook.com\/about\/privacy\/update.<\/a>   <\/p>\n\n<p>Source : Cr\u00e9\u00e9 avec le <a href=\"https:\/\/www.firmenwebseiten.at\/datenschutz-generator\/\" target=\"_blank\" rel=\"noreferrer noopener\">g\u00e9n\u00e9rateur de protection des donn\u00e9es<\/a> de firmenwebseiten.at<\/p>\n","protected":false},"excerpt":{"rendered":"<p>D\u00c9CLARATION DE CONFIDENTIALIT\u00c9 DU CONTRAT &#8211;V1.0 de Rei development GmbH, ci-apr\u00e8s d\u00e9nomm\u00e9e Reidev. Protection des donn\u00e9es par Reidev. Le traitement des donn\u00e9es personnelles du client ou de ses employ\u00e9s concern\u00e9s par Reidev aux fins de l&rsquo;ex\u00e9cution du contrat se fait sur la base du consentement volontaire du client (par exemple pour des cat\u00e9gories particuli\u00e8res de [&hellip;]<\/p>\n","protected":false},"author":1,"featured_media":0,"parent":0,"menu_order":0,"comment_status":"closed","ping_status":"open","template":"","meta":{"footnotes":""},"class_list":["post-2769","page","type-page","status-publish","hentry"],"post_mailing_queue_ids":[],"_links":{"self":[{"href":"https:\/\/mybuilding24.com\/fr\/wp-json\/wp\/v2\/pages\/2769","targetHints":{"allow":["GET"]}}],"collection":[{"href":"https:\/\/mybuilding24.com\/fr\/wp-json\/wp\/v2\/pages"}],"about":[{"href":"https:\/\/mybuilding24.com\/fr\/wp-json\/wp\/v2\/types\/page"}],"author":[{"embeddable":true,"href":"https:\/\/mybuilding24.com\/fr\/wp-json\/wp\/v2\/users\/1"}],"replies":[{"embeddable":true,"href":"https:\/\/mybuilding24.com\/fr\/wp-json\/wp\/v2\/comments?post=2769"}],"version-history":[{"count":1,"href":"https:\/\/mybuilding24.com\/fr\/wp-json\/wp\/v2\/pages\/2769\/revisions"}],"predecessor-version":[{"id":2773,"href":"https:\/\/mybuilding24.com\/fr\/wp-json\/wp\/v2\/pages\/2769\/revisions\/2773"}],"wp:attachment":[{"href":"https:\/\/mybuilding24.com\/fr\/wp-json\/wp\/v2\/media?parent=2769"}],"curies":[{"name":"wp","href":"https:\/\/api.w.org\/{rel}","templated":true}]}}