{"id":2504,"date":"2024-08-04T11:57:33","date_gmt":"2024-08-04T11:57:33","guid":{"rendered":"https:\/\/mybuilding24.com\/information-sur-le-droit-de-retractation\/"},"modified":"2024-09-24T14:50:00","modified_gmt":"2024-09-24T14:50:00","slug":"information-sur-le-droit-de-retractation","status":"publish","type":"page","link":"https:\/\/mybuilding24.com\/fr\/information-sur-le-droit-de-retractation\/","title":{"rendered":"Information sur le droit de r\u00e9tractation"},"content":{"rendered":"\n<h3 class=\"wp-block-heading\">INFORMATION SUR LE DROIT DE R\u00c9TRACTATION POUR LES CONSOMMATEURS &#8211; V1.0<\/h3>\n\n<p><strong>Droit de r\u00e9tractation.<\/strong>  En cas de vente \u00e0 distance, les consommateurs ont le droit de se r\u00e9tracter du contrat dans un d\u00e9lai de quatorze jours sans donner de motif.<\/p>\n\n<p><strong>D\u00e9lai de r\u00e9tractation.<\/strong>  Le d\u00e9lai de r\u00e9tractation est de quatorze jours<\/p>\n\n<ul class=\"wp-block-list\">\n<li>dans le cas d&rsquo;un contrat de services, \u00e0 l&rsquo;exception des services d&rsquo;h\u00e9bergement non r\u00e9sidentiel, de transport de marchandises, de location de v\u00e9hicules et de livraison de nourriture et de boissons, et des services li\u00e9s aux activit\u00e9s de loisirs, si une date ou une p\u00e9riode sp\u00e9cifique d&rsquo;ex\u00e9cution du contrat par l&rsquo;entrepreneur est pr\u00e9vue dans le contrat, \u00e0 compter de la conclusion du contrat<\/li>\n\n\n\n<li>dans le cas d&rsquo;un contrat portant sur la fourniture d&rsquo;un contenu num\u00e9rique non fourni sur un support mat\u00e9riel, \u00e0 compter de la conclusion du contrat.<\/li>\n<\/ul>\n\n<p>Pour que le d\u00e9lai de r\u00e9tractation soit respect\u00e9, il suffit que les consommateurs envoient la communication relative \u00e0 l&rsquo;exercice du droit de r\u00e9tractation avant l&rsquo;expiration du d\u00e9lai de r\u00e9tractation.<\/p>\n\n<p><strong>D\u00e9claration de r\u00e9tractation.<\/strong>  Pour exercer le droit de r\u00e9tractation, les consommateurs doivent informer la soci\u00e9t\u00e9 (Rei development GmbH, Nonntaler Hauptstra\u00dfe 69, 5020 Salzburg, 0043 662 243121, office@reidev.com) de leur d\u00e9cision de se r\u00e9tracter du pr\u00e9sent contrat au moyen d&rsquo;une d\u00e9claration d\u00e9nu\u00e9e d&rsquo;ambigu\u00eft\u00e9 (par exemple, lettre envoy\u00e9e par la poste, fax ou e-mail).\nLes consommateurs peuvent utiliser le mod\u00e8le de formulaire de r\u00e9tractation ci-dessous, qui n&rsquo;est pas obligatoire. <\/p>\n\n<p><strong>Mod\u00e8le de formulaire de r\u00e9tractation.<\/strong>  (Pour annuler le contrat, veuillez remplir et renvoyer ce formulaire).<\/p>\n\n<p>\u00c0<br\/>Rei development GmbH<br\/>Nonntaler Hauptstra\u00dfe 69<br\/>5020 Salzbourg<br\/>office@reidev.com<br\/>&#8211;<\/p>\n\n<p>Par la pr\u00e9sente, je\/nous (*) r\u00e9voque(ons) le contrat que j&rsquo;ai\/nous avons (*) conclu pour l&rsquo;achat des marchandises suivantes (*)\/la fourniture du service suivant (*) &#8211;<\/p>\n\n<p>Command\u00e9 le (*)<br\/>Re\u00e7u le (*)<br\/>&#8211;<\/p>\n\n<p>Nom du\/des consommateur(s) &#8211;<\/p>\n\n<p>Adresse du\/des consommateur(s) &#8211;<\/p>\n\n<p>Signature du (des) consommateur(s) (uniquement en cas de communication sur papier) &#8211;<\/p>\n\n<p>Date &#8211;<br\/>(*) Biffer la mention inutile.<\/p>\n\n<p><strong>Cons\u00e9quences de la r\u00e9tractation pour les services.<\/strong>  Si le consommateur r\u00e9silie un contrat de service alors que l&rsquo;entrepreneur a commenc\u00e9 \u00e0 ex\u00e9cuter le contrat, l&rsquo;entrepreneur est en droit de facturer au consommateur un montant proportionnel au prix total convenu par contrat et correspondant au service d\u00e9j\u00e0 fourni par l&rsquo;entrepreneur jusqu&rsquo;\u00e0 la r\u00e9siliation.<\/p>\n","protected":false},"excerpt":{"rendered":"<p>INFORMATION SUR LE DROIT DE R\u00c9TRACTATION POUR LES CONSOMMATEURS &#8211; V1.0 Droit de r\u00e9tractation. En cas de vente \u00e0 distance, les consommateurs ont le droit de se r\u00e9tracter du contrat dans un d\u00e9lai de quatorze jours sans donner de motif. D\u00e9lai de r\u00e9tractation. Le d\u00e9lai de r\u00e9tractation est de quatorze jours Pour que le d\u00e9lai [&hellip;]<\/p>\n","protected":false},"author":1,"featured_media":0,"parent":0,"menu_order":0,"comment_status":"closed","ping_status":"closed","template":"","meta":{"footnotes":""},"class_list":["post-2504","page","type-page","status-publish","hentry"],"post_mailing_queue_ids":[],"_links":{"self":[{"href":"https:\/\/mybuilding24.com\/fr\/wp-json\/wp\/v2\/pages\/2504","targetHints":{"allow":["GET"]}}],"collection":[{"href":"https:\/\/mybuilding24.com\/fr\/wp-json\/wp\/v2\/pages"}],"about":[{"href":"https:\/\/mybuilding24.com\/fr\/wp-json\/wp\/v2\/types\/page"}],"author":[{"embeddable":true,"href":"https:\/\/mybuilding24.com\/fr\/wp-json\/wp\/v2\/users\/1"}],"replies":[{"embeddable":true,"href":"https:\/\/mybuilding24.com\/fr\/wp-json\/wp\/v2\/comments?post=2504"}],"version-history":[{"count":1,"href":"https:\/\/mybuilding24.com\/fr\/wp-json\/wp\/v2\/pages\/2504\/revisions"}],"predecessor-version":[{"id":2506,"href":"https:\/\/mybuilding24.com\/fr\/wp-json\/wp\/v2\/pages\/2504\/revisions\/2506"}],"wp:attachment":[{"href":"https:\/\/mybuilding24.com\/fr\/wp-json\/wp\/v2\/media?parent=2504"}],"curies":[{"name":"wp","href":"https:\/\/api.w.org\/{rel}","templated":true}]}}