{"id":2493,"date":"2024-08-04T11:56:34","date_gmt":"2024-08-04T11:56:34","guid":{"rendered":"https:\/\/mybuilding24.com\/mentions-legales\/"},"modified":"2024-09-24T14:50:00","modified_gmt":"2024-09-24T14:50:00","slug":"mentions-legales","status":"publish","type":"page","link":"https:\/\/mybuilding24.com\/fr\/mentions-legales\/","title":{"rendered":"Mentions l\u00e9gales"},"content":{"rendered":"\n<h3 class=\"wp-block-heading\">Informations conform\u00e9ment au \u00a7 5 TMG<\/h3>\n\n<p>Rei development GmbH<br\/>Nonntaler Hauptstra\u00dfe 69<br\/>5020 Salzbourg<\/p>\n\n<h3 class=\"wp-block-heading\">Contact<\/h3>\n\n<p>T\u00e9l\u00e9phone : 0662 \/ 24 31 21<br\/>E-mail : office@reidev.com<br\/>FN : 541695k<\/p>\n\n<h3 class=\"wp-block-heading\">R\u00e8glement des litiges de l&rsquo;UE<\/h3>\n\n<p>La Commission europ\u00e9enne met \u00e0 disposition une plateforme de r\u00e8glement en ligne des litiges (RLL) <a href=\"https:\/\/ec.europa.eu\/consumers\/odr\" target=\"_blank\" rel=\"noreferrer noopener\">: https:\/\/ec.europa.eu\/consumers\/odr.<\/a><br\/>Vous trouverez notre adresse \u00e9lectronique en haut de la page des mentions l\u00e9gales.<\/p>\n\n<h3 class=\"wp-block-heading\">R\u00e8glement des litiges de consommation\/<br\/>Organe de conciliation universel<\/h3>\n\n<p>Nous ne sommes pas dispos\u00e9s ou oblig\u00e9s de participer \u00e0 des proc\u00e9dures de r\u00e8glement des litiges devant un organisme de conciliation des consommateurs.<\/p>\n\n<h3 class=\"wp-block-heading\">Responsabilit\u00e9 du contenu<\/h3>\n\n<p>En tant que prestataire de services, nous sommes responsables, conform\u00e9ment au \u00a7 7 Abs.1\nTMG, nous sommes responsables de nos propres contenus sur ces pages conform\u00e9ment aux lois g\u00e9n\u00e9rales.\nConform\u00e9ment aux \u00a7\u00a7 8 \u00e0 10 de la TMG, nous ne sommes toutefois pas tenus, en tant que prestataire de services, de surveiller les informations externes transmises ou enregistr\u00e9es ou de rechercher les circonstances qui indiquent une activit\u00e9 ill\u00e9gale.  <\/p>\n\n<p>L&rsquo;obligation de supprimer ou de bloquer l&rsquo;utilisation d&rsquo;informations conform\u00e9ment aux lois g\u00e9n\u00e9rales n&rsquo;est pas affect\u00e9e par cette disposition.\nUne responsabilit\u00e9 \u00e0 cet \u00e9gard n&rsquo;est toutefois possible qu&rsquo;\u00e0 partir du moment o\u00f9 une violation concr\u00e8te de la loi est connue.\nD\u00e8s que nous aurons connaissance d&rsquo;une telle violation, nous supprimerons imm\u00e9diatement le contenu en question.  <\/p>\n\n<h3 class=\"wp-block-heading\">Responsabilit\u00e9 des liens<\/h3>\n\n<p>Notre offre contient des liens vers des sites Web externes de tiers, sur lesquels nous n&rsquo;avons aucune influence.\nNous ne pouvons donc pas nous porter garants de ces contenus externes.\nLe fournisseur ou l&rsquo;exploitant des pages li\u00e9es est toujours responsable du contenu de ces pages.\nLes pages li\u00e9es ont \u00e9t\u00e9 v\u00e9rifi\u00e9es au moment de la cr\u00e9ation du lien afin de s&rsquo;assurer qu&rsquo;elles n&rsquo;enfreignaient pas la loi.\nAucun contenu ill\u00e9gal n&rsquo;a \u00e9t\u00e9 identifi\u00e9 au moment de la cr\u00e9ation des liens.    <\/p>\n\n<p>Un contr\u00f4le permanent du contenu des pages li\u00e9es n&rsquo;est cependant pas exigible sans indices concrets d&rsquo;une violation de la loi.\nSi nous prenons connaissance d&rsquo;une violation de la loi, nous supprimerons imm\u00e9diatement les liens concern\u00e9s. <\/p>\n\n<h3 class=\"wp-block-heading\">Droit d&rsquo;auteur<\/h3>\n\n<p>Les contenus et \u0153uvres cr\u00e9\u00e9s par les exploitants de ces pages sont soumis au droit d&rsquo;auteur allemand.\nLa reproduction, le traitement, la diffusion et tout type d&rsquo;exploitation en dehors des limites du droit d&rsquo;auteur n\u00e9cessitent l&rsquo;accord \u00e9crit de l&rsquo;auteur ou du cr\u00e9ateur concern\u00e9.\nLes t\u00e9l\u00e9chargements et les copies de ce site ne sont autoris\u00e9s que pour un usage priv\u00e9 et non commercial.  <\/p>\n\n<p>Dans la mesure o\u00f9 les contenus de ce site n&rsquo;ont pas \u00e9t\u00e9 cr\u00e9\u00e9s par l&rsquo;exploitant, les droits d&rsquo;auteur de tiers sont respect\u00e9s.\nEn particulier, les contenus de tiers sont identifi\u00e9s comme tels.\nSi vous constatez n\u00e9anmoins une violation des droits d&rsquo;auteur, nous vous prions de nous en informer.\nD\u00e8s que nous aurons connaissance d&rsquo;une violation de la loi, nous supprimerons imm\u00e9diatement le contenu en question.   <\/p>\n\n<p>Source <a href=\"https:\/\/www.e-recht24.de\/\" target=\"_blank\" rel=\"noopener\">: https:\/\/www.e-recht24.de<\/a><\/p>\n","protected":false},"excerpt":{"rendered":"<p>Informations conform\u00e9ment au \u00a7 5 TMG Rei development GmbHNonntaler Hauptstra\u00dfe 695020 Salzbourg Contact T\u00e9l\u00e9phone : 0662 \/ 24 31 21E-mail : office@reidev.comFN : 541695k R\u00e8glement des litiges de l&rsquo;UE La Commission europ\u00e9enne met \u00e0 disposition une plateforme de r\u00e8glement en ligne des litiges (RLL) : https:\/\/ec.europa.eu\/consumers\/odr.Vous trouverez notre adresse \u00e9lectronique en haut de la page [&hellip;]<\/p>\n","protected":false},"author":1,"featured_media":0,"parent":0,"menu_order":0,"comment_status":"closed","ping_status":"closed","template":"","meta":{"footnotes":""},"class_list":["post-2493","page","type-page","status-publish","hentry"],"post_mailing_queue_ids":[],"_links":{"self":[{"href":"https:\/\/mybuilding24.com\/fr\/wp-json\/wp\/v2\/pages\/2493","targetHints":{"allow":["GET"]}}],"collection":[{"href":"https:\/\/mybuilding24.com\/fr\/wp-json\/wp\/v2\/pages"}],"about":[{"href":"https:\/\/mybuilding24.com\/fr\/wp-json\/wp\/v2\/types\/page"}],"author":[{"embeddable":true,"href":"https:\/\/mybuilding24.com\/fr\/wp-json\/wp\/v2\/users\/1"}],"replies":[{"embeddable":true,"href":"https:\/\/mybuilding24.com\/fr\/wp-json\/wp\/v2\/comments?post=2493"}],"version-history":[{"count":1,"href":"https:\/\/mybuilding24.com\/fr\/wp-json\/wp\/v2\/pages\/2493\/revisions"}],"predecessor-version":[{"id":2494,"href":"https:\/\/mybuilding24.com\/fr\/wp-json\/wp\/v2\/pages\/2493\/revisions\/2494"}],"wp:attachment":[{"href":"https:\/\/mybuilding24.com\/fr\/wp-json\/wp\/v2\/media?parent=2493"}],"curies":[{"name":"wp","href":"https:\/\/api.w.org\/{rel}","templated":true}]}}