{"id":2765,"date":"2024-06-24T13:47:34","date_gmt":"2024-06-24T11:47:34","guid":{"rendered":"https:\/\/mybuilding24.com\/politica-de-privacidad\/"},"modified":"2024-09-24T15:00:49","modified_gmt":"2024-09-24T15:00:49","slug":"politica-de-privacidad","status":"publish","type":"page","link":"https:\/\/mybuilding24.com\/es\/politica-de-privacidad\/","title":{"rendered":"Pol\u00edtica de privacidad"},"content":{"rendered":"\n<h3 class=\"wp-block-heading\"><strong>CONTRATO DECLARACI\u00d3N DE PROTECCI\u00d3N DE DATOS &#8211;<\/strong><small>V1.0<\/small><\/h3>\n\n<p>de <strong>Rei development GmbH<\/strong>, en lo sucesivo denominada abreviadamente Reidev.<\/p>\n\n<p><strong>Protecci\u00f3n de datos por parte de Reidev.<\/strong><br\/>El tratamiento de datos personales del Cliente o de sus empleados afectados por parte de Reidev con el fin de cumplir el contrato se basa en el consentimiento voluntario del Cliente (por ejemplo, en el caso de categor\u00edas especiales de datos personales), la relaci\u00f3n contractual existente y las disposiciones legales. No existe obligaci\u00f3n de otorgar el consentimiento (por ejemplo, en el caso de categor\u00edas especiales de datos personales) ni de celebrar el contrato.\nSin embargo, si no se concede el consentimiento o no se celebra el contrato, el pedido no puede aceptarse. <\/p>\n\n<p><strong>Tratamiento posterior.<\/strong><br\/>El tratamiento posterior de los datos por parte de Reidev con fines de marketing directo en formas que no requieren consentimiento, como el env\u00edo postal de publicidad dirigida, es compatible con la finalidad de cumplimiento del contrato. El tratamiento posterior con fines de marketing directo en formas que requieren consentimiento, como el env\u00edo electr\u00f3nico de publicidad o la colocaci\u00f3n de anuncios personalizados, s\u00f3lo tiene lugar sobre la base de un consentimiento voluntario adicional del cliente.\nNo existe ninguna obligaci\u00f3n de otorgar el consentimiento.\nNo otorgar el consentimiento s\u00f3lo tendr\u00eda como consecuencia que el cliente no recibiera ninguna publicidad en formularios que requieran consentimiento.  <\/p>\n\n<p><strong>Divulgaci\u00f3n.<\/strong> Todos los datos est\u00e1n sujetos a la obligaci\u00f3n acordada o legal de mantener la confidencialidad y proteger los datos personales. Con la excepci\u00f3n de la divulgaci\u00f3n a destinatarios comerciales t\u00edpicos, como bancos, asesores fiscales, abogados, proveedores de servicios de env\u00edo, etc., los datos del cliente s\u00f3lo se divulgar\u00e1n sobre una base legal o de acuerdo con el cliente.<\/p>\n\n<p><strong>Procesamiento en todo el mundo.<\/strong>  El Cliente consiente el tratamiento de sus datos en todo el mundo, en particular para el acceso a distancia por parte de Reidev con el fin de realizar operaciones de tratamiento relacionadas con el pedido, por ejemplo, en caso de emergencia durante viajes de negocios de Reidev.<\/p>\n\n<p><strong>Duraci\u00f3n del almacenamiento.<\/strong>  Los datos del cliente se almacenan con fines de documentaci\u00f3n y cumplimiento de obligaciones legales durante un m\u00e1ximo de treinta a\u00f1os tras la finalizaci\u00f3n de los pedidos.<\/p>\n\n<p><strong>Derecho de cancelaci\u00f3n.<\/strong>  El cliente tiene derecho a revocar su consentimiento en cualquier momento.\nEn el caso del consentimiento por escrito, la revocaci\u00f3n s\u00f3lo puede hacerse por escrito; en el caso del consentimiento para recibir publicidad electr\u00f3nica, tambi\u00e9n puede hacerse haciendo clic en el enlace para darse de baja.\nEn este caso, se interrumpir\u00e1 el tratamiento, a menos que exista otra base jur\u00eddica.\nLa legalidad de los datos procesados hasta el momento de la revocaci\u00f3n no se ver\u00e1 afectada por \u00e9sta.   <\/p>\n\n<p><strong>Derecho de oposici\u00f3n.<\/strong>  El cliente tiene derecho a oponerse al tratamiento de sus datos personales con fines de marketing directo.\nEn caso de oposici\u00f3n, sus datos personales dejar\u00e1n de tratarse con fines de marketing directo. <\/p>\n\n<p><strong>Derechos de los interesados.<\/strong> El cliente o sus empleados afectados tienen derecho a acceder, rectificar y borrar sus datos personales, derecho a restringir el tratamiento de datos, derecho a la portabilidad de datos y derecho a presentar una reclamaci\u00f3n ante la autoridad de protecci\u00f3n de datos.\nLos datos de contacto de la Autoridad Austriaca de Protecci\u00f3n de Datos son<br\/>Autoridad Austriaca de Protecci\u00f3n de Datos, Barichgasse 40-42, 1030 Viena, tel\u00e9fono: +43 1 531 152 &#8211; 0, correo electr\u00f3nico:<a href=\"mailto:dsb@dsb.gv.at\">dsb@dsb.gv.at.<\/a> <\/p>\n\n<h4 class=\"wp-block-heading\">Disposiciones finales.<\/h4>\n\n<p><strong>AGB.<\/strong>  Se aplican las Condiciones Generales de Reidev.<\/p>\n\n<h4 class=\"wp-block-heading\">Exclusi\u00f3n voluntaria de Matomo<\/h4>\n\n<p id=\"matomo_opted_in_intro\">Tienes la opci\u00f3n de impedir que las acciones que realices aqu\u00ed sean analizadas y vinculadas.\nEsto proteger\u00e1 tu privacidad, pero tambi\u00e9n evitar\u00e1 que el propietario aprenda de tus acciones y mejore la usabilidad para ti y para otros usuarios. <strong>Tu visita a este sitio web es registrada actualmente por Matomo web analytics.\nDesmarca esta casilla para excluirte. <\/strong><\/p>\n\n<h4 class=\"wp-block-heading\">Google Analytics<\/h4>\n\n<p>Utilizamos Google Analytics en nuestro sitio web.\nSe trata de un servicio de an\u00e1lisis web prestado por Google LLC, Gordon House, Barrow Street, Dubl\u00edn 4, Irlanda, en adelante \u00abGoogle\u00bb. <\/p>\n\n<p>Mediante la certificaci\u00f3n conforme al Escudo de la privacidad UE-EE.UU.<\/p>\n\n<figure class=\"wp-block-embed\"><div class=\"wp-block-embed__wrapper\"> \nhttps:\/\/www.privacyshield.gov\/participant?id=a2zt000000001L5AAI&#038;status=Active\n <\/div><\/figure>\n\n<p>Google garantiza que tambi\u00e9n se cumplen los requisitos de protecci\u00f3n de datos de la UE cuando se procesan datos en EE.UU.<\/p>\n\n<p>El servicio Google Analytics se utiliza para analizar el comportamiento de uso de nuestro sitio web.\nLa base jur\u00eddica es el Art. 6 p\u00e1rr.\n1 lit.\nf) del GDPR.\nNuestro inter\u00e9s leg\u00edtimo reside en el an\u00e1lisis, la optimizaci\u00f3n y el funcionamiento econ\u00f3mico de nuestro sitio web.    <\/p>\n\n<p>Informaci\u00f3n relacionada con el uso y el usuario, como la direcci\u00f3n IP, la ubicaci\u00f3n\nLa direcci\u00f3n IP, la ubicaci\u00f3n, la hora o la frecuencia de las visitas a nuestro sitio web se transmiten a un servidor de Google en EE.UU. y se almacenan all\u00ed.\nSin embargo, utilizamos Google Analytics con la denominada funci\u00f3n de anonimizaci\u00f3n.\nEsta funci\u00f3n permite a Google truncar la direcci\u00f3n IP dentro de la UE o del EEE.   <\/p>\n\n<p>Los datos recogidos de esta forma son utilizados a su vez por Google para proporcionarnos una evaluaci\u00f3n de la visita a nuestro sitio web y de las actividades de uso del mismo.\nEstos datos tambi\u00e9n pueden utilizarse para prestar otros servicios relacionados con el uso de nuestro sitio web y el uso de Internet. <\/p>\n\n<p>Google declara que no asociar\u00e1 tu direcci\u00f3n IP con ning\u00fan otro dato.\nAdem\u00e1s, Google conserva <\/p>\n\n<figure class=\"wp-block-embed\"><div class=\"wp-block-embed__wrapper\"> \nhttps:\/\/www.google.com\/intl\/de\/policies\/privacy\/partners\n <\/div><\/figure>\n\n<p>m\u00e1s informaci\u00f3n sobre protecci\u00f3n de datos para ti, por ejemplo\ntambi\u00e9n sobre las opciones para impedir el uso de datos. <\/p>\n\n<p>Google tambi\u00e9n ofrece<\/p>\n\n<figure class=\"wp-block-embed\"><div class=\"wp-block-embed__wrapper\"> \nhttps:\/\/tools.google.com\/dlpage\/gaoptout?hl=de\n <\/div><\/figure>\n\n<p>el llamado complemento de desactivaci\u00f3n, junto con m\u00e1s informaci\u00f3n al respecto.\nEste complemento se puede instalar con los navegadores de Internet m\u00e1s comunes y te ofrece un mayor control sobre los datos que Google recopila cuando visitas nuestro sitio web.\nEl complemento informa al JavaScript (ga.js) de Google Analytics de que la informaci\u00f3n sobre tu visita a nuestro sitio web no debe transmitirse a Google Analytics.\nSin embargo, esto no impide que se nos transmita informaci\u00f3n a nosotros o a otros servicios de an\u00e1lisis web.\nPor supuesto, tambi\u00e9n puedes saber si utilizamos otros servicios de an\u00e1lisis web, y cu\u00e1les, en esta pol\u00edtica de privacidad.    <\/p>\n\n<h4 class=\"wp-block-heading\">Fuentes Google<\/h4>\n\n<p>Utilizamos Google Fonts en nuestro sitio web para mostrar fuentes externas.\nSe trata de un servicio prestado por Google LLC, Gordon House, Barrow Street, Dubl\u00edn 4, Irlanda, en adelante \u00abGoogle\u00bb. <\/p>\n\n<p>Mediante la certificaci\u00f3n conforme al Escudo de la privacidad UE-EE.UU.<\/p>\n\n<figure class=\"wp-block-embed\"><div class=\"wp-block-embed__wrapper\"> \nhttps:\/\/www.privacyshield.gov\/participant?id=a2zt000000001L5AAI&#038;status=Active\n <\/div><\/figure>\n\n<p>Google garantiza que tambi\u00e9n se cumplen los requisitos de protecci\u00f3n de datos de la UE cuando se procesan datos en EE.UU.<\/p>\n\n<p>Para permitir la visualizaci\u00f3n de determinadas fuentes en nuestro sitio web, se establece una conexi\u00f3n con el servidor de Google en EE.UU. cuando se accede a nuestro sitio web.<\/p>\n\n<p>La base jur\u00eddica es el Art. 6 p\u00e1rr.\n1 lit.\nf) del GDPR.\nNuestro inter\u00e9s leg\u00edtimo reside en la optimizaci\u00f3n y el funcionamiento econ\u00f3mico de nuestro sitio web.   <\/p>\n\n<p>La conexi\u00f3n con Google que se establece cuando accedes a nuestro sitio web permite a Google determinar desde qu\u00e9 sitio web se ha enviado tu consulta y a qu\u00e9 direcci\u00f3n IP debe transmitirse la visualizaci\u00f3n de la fuente.<\/p>\n\n<p>Google ofrece bajo<\/p>\n\n<figure class=\"wp-block-embed\"><div class=\"wp-block-embed__wrapper\"> \nhttps:\/\/adssettings.google.com\/authenticated\n <\/div><\/figure>\n\n<figure class=\"wp-block-embed\"><div class=\"wp-block-embed__wrapper\"> \nhttps:\/\/policies.google.com\/privacy\n <\/div><\/figure>\n\n<p>m\u00e1s informaci\u00f3n, en particular sobre las opciones para impedir el uso de datos.<\/p>\n\n<h2 class=\"wp-block-heading\">Pol\u00edtica de privacidad de Facebook<\/h2>\n\n<p>En nuestro sitio web utilizamos herramientas seleccionadas de Facebook. Facebook es una red social de la empresa Facebook Ireland Ltd, 4 Grand Canal Square, Grand Canal Harbour, Dubl\u00edn 2 Irlanda. Con la ayuda de estas herramientas, podemos ofrecerte a ti y a las personas interesadas en nuestros productos y servicios la mejor experiencia posible. A continuaci\u00f3n te ofrecemos un resumen de las distintas herramientas de Facebook, qu\u00e9 datos se env\u00edan a Facebook y c\u00f3mo puedes eliminar estos datos.<\/p>\n\n<h3 class=\"wp-block-heading\">\u00bfQu\u00e9 son las herramientas de Facebook?<\/h3>\n\n<p>Adem\u00e1s de muchos otros productos, Facebook tambi\u00e9n ofrece las llamadas \u00abHerramientas para empresas de Facebook\u00bb.\n\u00c9ste es el t\u00e9rmino oficial utilizado por Facebook.\nSin embargo, como el t\u00e9rmino apenas se conoce, hemos decidido llamarlas simplemente herramientas de Facebook.\nEstas incluyen, entre otras   <\/p>\n\n<ul class=\"wp-block-list\">\n<li>P\u00edxel de Facebook<\/li>\n\n\n\n<li>plug-ins sociales (como el bot\u00f3n \u00abMe gusta\u00bb o \u00abCompartir\u00bb)<\/li>\n\n\n\n<li>Inicio de sesi\u00f3n en Facebook<\/li>\n\n\n\n<li>Kit de cuenta<\/li>\n\n\n\n<li>API (interfaz de programaci\u00f3n)<\/li>\n\n\n\n<li>SDKs (colecci\u00f3n de herramientas de programaci\u00f3n)<\/li>\n\n\n\n<li>Integraciones de plataformas<\/li>\n\n\n\n<li>Plugins<\/li>\n\n\n\n<li>C\u00f3digos<\/li>\n\n\n\n<li>Especificaciones<\/li>\n\n\n\n<li>Documentaci\u00f3n<\/li>\n\n\n\n<li>Tecnolog\u00edas y servicios<\/li>\n<\/ul>\n\n<p>Mediante estas herramientas, Facebook ampl\u00eda sus servicios y tiene la oportunidad de obtener informaci\u00f3n sobre las actividades de los usuarios fuera de Facebook.<\/p>\n\n<h3 class=\"wp-block-heading\">\u00bfPor qu\u00e9 utilizamos herramientas de Facebook en nuestro sitio web?<\/h3>\n\n<p>S\u00f3lo queremos mostrar nuestros servicios y productos a las personas que est\u00e1n realmente interesadas en ellos.\nPodemos llegar precisamente a estas personas con la ayuda de anuncios (anuncios de Facebook).\nSin embargo, Facebook necesita informaci\u00f3n sobre los deseos y necesidades de las personas para mostrar a los usuarios anuncios adecuados.\nPor lo tanto, la empresa recibe informaci\u00f3n sobre el comportamiento de los usuarios (y datos de contacto) en nuestro sitio web.\nComo resultado, Facebook recopila mejores datos sobre los usuarios y puede mostrar a las personas interesadas anuncios adecuados sobre nuestros productos y servicios.\nDe este modo, las herramientas permiten realizar campa\u00f1as publicitarias personalizadas en Facebook.     <\/p>\n\n<p>Facebook denomina \u00abdatos de eventos\u00bb a los datos sobre tu comportamiento en nuestro sitio web.\nTambi\u00e9n se utilizan para servicios de medici\u00f3n y an\u00e1lisis.\nDe este modo, Facebook puede crear \u00abinformes de campa\u00f1a\u00bb en nuestro nombre sobre el impacto de nuestras campa\u00f1as publicitarias.\nAdem\u00e1s, los an\u00e1lisis nos permiten conocer mejor c\u00f3mo utilizas nuestros servicios, sitio web o productos.\nEsto nos permite optimizar tu experiencia de usuario en nuestro sitio web con algunas de estas herramientas.\nPor ejemplo, puedes utilizar los plug-ins sociales para compartir contenidos de nuestro sitio directamente en Facebook.     <\/p>\n\n<h3 class=\"wp-block-heading\">\u00bfQu\u00e9 datos almacenan las herramientas de Facebook?<\/h3>\n\n<p>Al utilizar herramientas individuales de Facebook, se pueden enviar datos personales (datos del cliente) a Facebook.\nDependiendo de las herramientas utilizadas, pueden enviarse datos del cliente como el nombre, la direcci\u00f3n, el n\u00famero de tel\u00e9fono y la direcci\u00f3n IP. <\/p>\n\n<p>Facebook utiliza esta informaci\u00f3n para cotejar los datos con los que tiene sobre ti (si eres miembro de Facebook).\nAntes de que los datos del cliente se transmitan a Facebook, se someten a un proceso de hash.\nEsto significa que un conjunto de datos de cualquier tama\u00f1o se transforma en una cadena de caracteres.\nEsto tambi\u00e9n se utiliza para encriptar datos.   <\/p>\n\n<p>Adem\u00e1s de los datos de contacto, tambi\u00e9n se transmiten \u00abdatos de eventos\u00bb.\nLos \u00abdatos de eventos\u00bb se refieren a la informaci\u00f3n que recibimos sobre ti en nuestro sitio web.\nPor ejemplo, qu\u00e9 subp\u00e1ginas visitas o qu\u00e9 productos nos compras.\nFacebook no comparte la informaci\u00f3n que recibe con terceros (como anunciantes) a menos que la empresa tenga autorizaci\u00f3n expl\u00edcita o est\u00e9 legalmente obligada a hacerlo.\nLos \u00abdatos de eventos\u00bb tambi\u00e9n pueden vincularse a datos de contacto.\nEsto permite a Facebook ofrecer una publicidad m\u00e1s personalizada.\nTras el mencionado proceso de vinculaci\u00f3n, Facebook vuelve a eliminar los datos de contacto.      <\/p>\n\n<p>Para optimizar el env\u00edo de anuncios, Facebook s\u00f3lo utiliza los datos de eventos si se han combinado con otros datos (recopilados por Facebook de otras formas).\nFacebook tambi\u00e9n utiliza estos datos de eventos con fines de seguridad, protecci\u00f3n, desarrollo e investigaci\u00f3n.\nGran parte de estos datos se transfieren a Facebook a trav\u00e9s de cookies.\nLas cookies son peque\u00f1os archivos de texto que se utilizan para almacenar datos o informaci\u00f3n en los navegadores.\nDependiendo de las herramientas utilizadas y de si eres miembro de Facebook, se almacenan diferentes cantidades de cookies en tu navegador.\nEn las descripciones de cada una de las herramientas de Facebook encontrar\u00e1s informaci\u00f3n m\u00e1s detallada sobre las cookies de Facebook.\nTambi\u00e9n puedes encontrar informaci\u00f3n general sobre el uso de las cookies de Facebook en <a href=\"https:\/\/www.facebook.com\/policies\/cookies?tid=211144617\" target=\"_blank\" rel=\"noreferrer noopener\">https:\/\/www.facebook.com\/policies\/cookies.<\/a>      <\/p>\n\n<h3 class=\"wp-block-heading\">\u00bfCu\u00e1nto tiempo y d\u00f3nde se almacenan los datos?<\/h3>\n\n<p>En principio, Facebook almacena los datos hasta que dejan de ser necesarios para sus propios servicios y productos de Facebook.\nFacebook tiene servidores en todo el mundo donde almacena sus datos.\nSin embargo, los datos de los clientes se eliminan en un plazo de 48 horas despu\u00e9s de compararlos con los datos de los usuarios de la propia empresa.  <\/p>\n\n<h3 class=\"wp-block-heading\">\u00bfC\u00f3mo puedo borrar mis datos o impedir que se almacenen?<\/h3>\n\n<p>De acuerdo con el Reglamento General de Protecci\u00f3n de Datos, tienes derecho a la informaci\u00f3n, rectificaci\u00f3n, portabilidad y supresi\u00f3n de tus datos.<\/p>\n\n<p>Los datos s\u00f3lo se eliminar\u00e1n por completo si eliminas por completo tu cuenta de Facebook.\nY as\u00ed es como funciona la eliminaci\u00f3n de tu cuenta de Facebook: <\/p>\n\n<p>1) Haz clic en Configuraci\u00f3n en la parte derecha de Facebook.<\/p>\n\n<p>2) A continuaci\u00f3n, haz clic en \u00abTu informaci\u00f3n de Facebook\u00bb en la columna de la izquierda.<\/p>\n\n<p>3) Ahora haz clic en \u00abDesactivaci\u00f3n y eliminaci\u00f3n\u00bb.<\/p>\n\n<p>4) Ahora selecciona \u00abEliminar cuenta\u00bb y luego haz clic en \u00abContinuar y eliminar cuenta\u00bb.<\/p>\n\n<p>5) Ahora introduce tu contrase\u00f1a, haz clic en \u00abSiguiente\u00bb y luego en \u00abEliminar cuenta\u00bb.<\/p>\n\n<p>Los datos que Facebook recibe a trav\u00e9s de nuestro sitio se almacenan mediante cookies (por ejemplo, para plugins sociales), entre otras cosas.\nPuedes desactivar, eliminar o gestionar cookies individuales o todas las cookies en tu navegador.\nDependiendo del navegador que utilices, esto funciona de diferentes maneras.\nLas siguientes instrucciones te muestran c\u00f3mo gestionar las cookies en tu navegador:   <\/p>\n\n<p><a href=\"https:\/\/support.google.com\/chrome\/answer\/95647?tid=211144617\" target=\"_blank\" rel=\"noreferrer noopener\"><\/a><a href=\"https:\/\/support.google.com\/chrome\/answer\/95647?tid=211144617\" target=\"_blank\" rel=\"noopener\">Chrome: Eliminar, activar y gestionar cookies en Chrome<\/a><\/p>\n\n<p><a href=\"https:\/\/support.apple.com\/de-at\/guide\/safari\/sfri11471\/mac?tid=211144617\" target=\"_blank\" rel=\"noreferrer noopener\"><\/a><a href=\"https:\/\/support.apple.com\/de-at\/guide\/safari\/sfri11471\/mac?tid=211144617\" target=\"_blank\" rel=\"noopener\">Safari: Gesti\u00f3n de cookies y datos de sitios web con Safari<\/a><\/p>\n\n<p><a href=\"https:\/\/support.mozilla.org\/de\/kb\/cookies-und-website-daten-in-firefox-loschen?tid=211144617\" target=\"_blank\" rel=\"noreferrer noopener\"><\/a><a href=\"https:\/\/support.mozilla.org\/de\/kb\/cookies-und-website-daten-in-firefox-loschen?tid=211144617\" target=\"_blank\" rel=\"noopener\">Firefox: Eliminar cookies para eliminar los datos que los sitios web han almacenado en tu ordenador<\/a><\/p>\n\n<p><a href=\"https:\/\/support.microsoft.com\/de-at\/help\/17442\/windows-internet-explorer-delete-manage-cookies?tid=211144617\" target=\"_blank\" rel=\"noreferrer noopener\"><\/a><a href=\"https:\/\/support.microsoft.com\/de-at\/help\/17442\/windows-internet-explorer-delete-manage-cookies?tid=211144617\" target=\"_blank\" rel=\"noopener\">Internet Explorer: Eliminar y gestionar cookies<\/a><\/p>\n\n<p><a href=\"https:\/\/support.microsoft.com\/de-at\/help\/4027947\/windows-delete-cookies?tid=211144617\" target=\"_blank\" rel=\"noreferrer noopener\"><\/a><a href=\"https:\/\/support.microsoft.com\/de-at\/help\/4027947\/windows-delete-cookies?tid=211144617\" target=\"_blank\" rel=\"noopener\">Microsoft Edge: Eliminar y gestionar cookies<\/a><\/p>\n\n<p>Si en general no quieres tener cookies, puedes configurar tu navegador para que siempre te informe cuando se vaya a instalar una cookie.\nEsto te permite decidir para cada cookie individual si quieres permitirla o no. <\/p>\n\n<p>Facebook participa activamente en el Marco del Escudo de Privacidad UE-EE.UU., que regula la transferencia correcta y segura de datos personales.\nPuedes encontrar m\u00e1s informaci\u00f3n al respecto en <a href=\"https:\/\/www.privacyshield.gov\/participant?id=a2zt0000000GnywAAC\" target=\"_blank\" rel=\"noreferrer noopener\">https:\/\/www.privacyshield.gov\/participant?id=a2zt0000000GnywAAC.<\/a>\nEsperamos haberte proporcionado la informaci\u00f3n m\u00e1s importante sobre el uso y tratamiento de datos por parte de las herramientas de Facebook.\nSi quieres saber m\u00e1s sobre c\u00f3mo utiliza Facebook tus datos, te recomendamos que leas la pol\u00edtica de datos en <a href=\"https:\/\/www.facebook.com\/about\/privacy\/update\" target=\"_blank\" rel=\"noreferrer noopener\">https:\/\/www.facebook.com\/about\/privacy\/update.<\/a>   <\/p>\n\n<p>Fuente: Creado con el <a href=\"https:\/\/www.firmenwebseiten.at\/datenschutz-generator\/\" target=\"_blank\" rel=\"noreferrer noopener\">generador de protecci\u00f3n de datos<\/a> de firmenwebseiten.at<\/p>\n","protected":false},"excerpt":{"rendered":"<p>CONTRATO DECLARACI\u00d3N DE PROTECCI\u00d3N DE DATOS &#8211;V1.0 de Rei development GmbH, en lo sucesivo denominada abreviadamente Reidev. Protecci\u00f3n de datos por parte de Reidev.El tratamiento de datos personales del Cliente o de sus empleados afectados por parte de Reidev con el fin de cumplir el contrato se basa en el consentimiento voluntario del Cliente (por [&hellip;]<\/p>\n","protected":false},"author":1,"featured_media":0,"parent":0,"menu_order":0,"comment_status":"closed","ping_status":"open","template":"","meta":{"footnotes":""},"class_list":["post-2765","page","type-page","status-publish","hentry"],"post_mailing_queue_ids":[],"_links":{"self":[{"href":"https:\/\/mybuilding24.com\/es\/wp-json\/wp\/v2\/pages\/2765","targetHints":{"allow":["GET"]}}],"collection":[{"href":"https:\/\/mybuilding24.com\/es\/wp-json\/wp\/v2\/pages"}],"about":[{"href":"https:\/\/mybuilding24.com\/es\/wp-json\/wp\/v2\/types\/page"}],"author":[{"embeddable":true,"href":"https:\/\/mybuilding24.com\/es\/wp-json\/wp\/v2\/users\/1"}],"replies":[{"embeddable":true,"href":"https:\/\/mybuilding24.com\/es\/wp-json\/wp\/v2\/comments?post=2765"}],"version-history":[{"count":1,"href":"https:\/\/mybuilding24.com\/es\/wp-json\/wp\/v2\/pages\/2765\/revisions"}],"predecessor-version":[{"id":2768,"href":"https:\/\/mybuilding24.com\/es\/wp-json\/wp\/v2\/pages\/2765\/revisions\/2768"}],"wp:attachment":[{"href":"https:\/\/mybuilding24.com\/es\/wp-json\/wp\/v2\/media?parent=2765"}],"curies":[{"name":"wp","href":"https:\/\/api.w.org\/{rel}","templated":true}]}}