{"id":2501,"date":"2024-08-04T12:12:47","date_gmt":"2024-08-04T12:12:47","guid":{"rendered":"https:\/\/mybuilding24.com\/acuerdo-marco-saas\/"},"modified":"2024-09-24T14:50:00","modified_gmt":"2024-09-24T14:50:00","slug":"acuerdo-marco-saas","status":"publish","type":"page","link":"https:\/\/mybuilding24.com\/es\/acuerdo-marco-saas\/","title":{"rendered":"Acuerdo marco SAAS"},"content":{"rendered":"\n<h3 class=\"wp-block-heading\">Contrato SaaS (Software como Servicio) &#8211; V1.0<\/h3>\n\n<p><strong>1. objeto del contrato.<\/strong><\/p>\n\n<p>El objeto del contrato es el uso del servicio MyBuilding24.\nEl contrato se compone de la oferta individual para el cliente, cualquier lista de precios, la ficha t\u00e9cnica del producto en su versi\u00f3n actual y las Condiciones Generales de Rei development GmbH. <\/p>\n\n<p><strong>2. gama de funciones, requisitos del sistema.<\/strong><\/p>\n\n<p>El alcance funcional y los requisitos del sistema de MyBuilding24 se establecen en la <em>hoja de datos del producto<\/em> adjunta, que se actualiza de forma continua y forma parte integrante de este contrato en su versi\u00f3n actual.<\/p>\n\n<p><strong>3. utilizaci\u00f3n.<\/strong><\/p>\n\n<p>El cliente est\u00e1 autorizado a utilizar la \u00faltima versi\u00f3n de MyBuilding24 en la medida descrita en la oferta durante la vigencia del contrato tras el pago completo.\nEl derecho de uso no podr\u00e1 cederse a terceros. <\/p>\n\n<p>Rei development GmbH est\u00e1 autorizada a controlar el cumplimiento de las condiciones de uso mediante medidas t\u00e9cnicas.<\/p>\n\n<p><strong>4. funcionamiento de MyBuilding24.<\/strong><\/p>\n\n<p>La infraestructura del servidor y el software en los que se basa el servicio MyBuilding24 son operados por Rei development GmbH.<\/p>\n\n<p>El cliente siempre es responsable de la infraestructura del lado del cliente.<\/p>\n\n<p><strong>5. subsanaci\u00f3n de defectos.<\/strong><\/p>\n\n<p>Rei development GmbH est\u00e1 obligada a rectificar los defectos de la versi\u00f3n actual de MyBuilding24.<\/p>\n\n<p>Se consideran defectos las disfunciones en el funcionamiento o uso de MiConstrucci\u00f3n24 que conducen a un deterioro real de los procesos y para los que no es posible una soluci\u00f3n sencilla.<\/p>\n\n<p>Los defectos menores que no perjudican significativamente los procesos se incluyen en la planificaci\u00f3n del desarrollo posterior de MyBuilding24 y luego se incorporan a versiones m\u00e1s recientes de MyBuilding24 de acuerdo con la prioridad de desarrollo establecida por Rei development GmbH.<\/p>\n\n<p>En caso de defectos moderados que no s\u00f3lo perjudiquen significativamente los procesos, Rei development GmbH est\u00e1 obligada a comenzar a subsanar los defectos en un plazo m\u00e1ximo de tres d\u00edas laborables durante el horario laboral de Rei development GmbH.<\/p>\n\n<p>En caso de defectos graves que provoquen un fallo completo del servicio o un fallo de las funciones hasta el punto de obstaculizar masivamente los procesos del cliente, Rei development GmbH est\u00e1 obligada a comenzar a rectificar los defectos en un plazo m\u00e1ximo de 24 horas durante el horario laboral de Rei development GmbH.<\/p>\n\n<p><strong>6. desarrollo ulterior.<\/strong><\/p>\n\n<p>MyBuilding24 est\u00e1 sujeto a un desarrollo continuo.\nEl usuario est\u00e1 autorizado a utilizar la \u00faltima versi\u00f3n de MiConstrucci\u00f3n24.\nPor lo general, no es posible utilizar versiones anteriores.\nSi los requisitos del sistema cambian debido a actualizaciones, se informar\u00e1 al usuario con al menos tres meses de antelaci\u00f3n, si es posible.   <\/p>\n\n<p><strong>7 Nuevas funciones.<\/strong><\/p>\n\n<p>Si Rei development GmbH equipa el servicio MyBuilding24 con funciones nuevas o modificadas que pasen a formar parte de una versi\u00f3n m\u00e1s reciente de MyBuilding24, el cliente tendr\u00e1 derecho a un uso adicional de estas funciones sin coste adicional.<\/p>\n\n<p>En la medida en que Rei development GmbH desarrolle m\u00f3dulos adicionales, el cliente tendr\u00e1 derecho al uso adicional de estos m\u00f3dulos contra pr\u00f3rroga de este contrato y contra pago de los costes de acuerdo con la lista de precios.<\/p>\n\n<p><strong>8. apoyo.<\/strong><\/p>\n\n<p>Rei development GmbH ofrece asistencia por correo electr\u00f3nico y tel\u00e9fono en horario laboral.<\/p>\n\n<p><strong>9. costes.<\/strong><\/p>\n\n<p>Los costes mensuales se calculan seg\u00fan la <em>oferta<\/em> o la <em>lista de precios<\/em>.\nLos costes anuales deben ser pagados por adelantado por el usuario a m\u00e1s tardar el \u00faltimo d\u00eda del mes anterior. <\/p>\n\n<p><strong>10 Disposiciones finales.<\/strong><\/p>\n\n<p><strong>AGB.  <\/strong>Se aplicar\u00e1n las Condiciones Generales del Contratista adjuntas.<\/p>\n\n<p><strong>Pol\u00edtica de privacidad.  <\/strong>Se aplica la declaraci\u00f3n de protecci\u00f3n de datos adjunta del contratista.<\/p>\n\n<p><strong>Pol\u00edtica de cancelaci\u00f3n para consumidores.  <\/strong>He tomado nota de la pol\u00edtica de cancelaci\u00f3n adjunta para los consumidores.<\/p>\n\n<p><strong>Legislaci\u00f3n aplicable.  <\/strong>Todas las relaciones y circunstancias jur\u00eddicas entre el Cliente y el Contratista se regir\u00e1n exclusivamente por la legislaci\u00f3n austriaca, con exclusi\u00f3n de las normas internacionales sobre conflicto de leyes.\nLas disposiciones de la Convenci\u00f3n de las Naciones Unidas sobre los Contratos de Compraventa Internacional de Mercader\u00edas no se aplicar\u00e1n a los contratos con empresas. <\/p>\n\n<p><strong>Derecho imperativo del consumidor. <\/strong>Si, en el caso de contratos con consumidores, la actividad profesional o comercial del contratista se orienta hacia el pa\u00eds de origen del consumidor, la protecci\u00f3n ofrecida al consumidor por las disposiciones legales obligatorias del pa\u00eds de residencia no se ver\u00e1 afectada por la ley aplicable acordada.<\/p>\n\n<p><strong>Lugar de jurisdicci\u00f3n.  <\/strong>El lugar de jurisdicci\u00f3n para todos los litigios entre el Contratista y la Empresa ser\u00e1 el tribunal austriaco competente de Salzburgo.\nSin embargo, el Contratista tambi\u00e9n tendr\u00e1 derecho a emprender acciones legales en el lugar de jurisdicci\u00f3n general del Contratista y la Empresa. <\/p>\n","protected":false},"excerpt":{"rendered":"<p>Contrato SaaS (Software como Servicio) &#8211; V1.0 1. objeto del contrato. El objeto del contrato es el uso del servicio MyBuilding24. El contrato se compone de la oferta individual para el cliente, cualquier lista de precios, la ficha t\u00e9cnica del producto en su versi\u00f3n actual y las Condiciones Generales de Rei development GmbH. 2. gama [&hellip;]<\/p>\n","protected":false},"author":1,"featured_media":0,"parent":0,"menu_order":0,"comment_status":"closed","ping_status":"closed","template":"","meta":{"footnotes":""},"class_list":["post-2501","page","type-page","status-publish","hentry"],"post_mailing_queue_ids":[],"_links":{"self":[{"href":"https:\/\/mybuilding24.com\/es\/wp-json\/wp\/v2\/pages\/2501","targetHints":{"allow":["GET"]}}],"collection":[{"href":"https:\/\/mybuilding24.com\/es\/wp-json\/wp\/v2\/pages"}],"about":[{"href":"https:\/\/mybuilding24.com\/es\/wp-json\/wp\/v2\/types\/page"}],"author":[{"embeddable":true,"href":"https:\/\/mybuilding24.com\/es\/wp-json\/wp\/v2\/users\/1"}],"replies":[{"embeddable":true,"href":"https:\/\/mybuilding24.com\/es\/wp-json\/wp\/v2\/comments?post=2501"}],"version-history":[{"count":1,"href":"https:\/\/mybuilding24.com\/es\/wp-json\/wp\/v2\/pages\/2501\/revisions"}],"predecessor-version":[{"id":2503,"href":"https:\/\/mybuilding24.com\/es\/wp-json\/wp\/v2\/pages\/2501\/revisions\/2503"}],"wp:attachment":[{"href":"https:\/\/mybuilding24.com\/es\/wp-json\/wp\/v2\/media?parent=2501"}],"curies":[{"name":"wp","href":"https:\/\/api.w.org\/{rel}","templated":true}]}}