{"id":2500,"date":"2024-08-04T11:57:33","date_gmt":"2024-08-04T11:57:33","guid":{"rendered":"https:\/\/mybuilding24.com\/politica-de-cancelacion\/"},"modified":"2024-09-24T14:50:00","modified_gmt":"2024-09-24T14:50:00","slug":"politica-de-cancelacion","status":"publish","type":"page","link":"https:\/\/mybuilding24.com\/es\/politica-de-cancelacion\/","title":{"rendered":"Pol\u00edtica de cancelaci\u00f3n"},"content":{"rendered":"\n<h3 class=\"wp-block-heading\">POL\u00cdTICA DE CANCELACI\u00d3N PARA CONSUMIDORES &#8211; V1.0<\/h3>\n\n<p><strong>Derecho de cancelaci\u00f3n.<\/strong>  En la venta a distancia, los consumidores tienen derecho a rescindir el contrato en un plazo de catorce d\u00edas sin indicar los motivos.<\/p>\n\n<p><strong>Plazo de anulaci\u00f3n.<\/strong>  El plazo de cancelaci\u00f3n es de catorce d\u00edas<\/p>\n\n<ul class=\"wp-block-list\">\n<li>en el caso de un contrato de servicios, a excepci\u00f3n de los servicios en los \u00e1mbitos del alojamiento no residencial, el transporte de mercanc\u00edas, el alquiler de veh\u00edculos de motor y el suministro de alimentos y bebidas y los servicios prestados en relaci\u00f3n con actividades de ocio, siempre que se estipule contractualmente una fecha o un plazo determinado para el cumplimiento del contrato por parte del empresario, a partir de la celebraci\u00f3n del contrato.<\/li>\n\n\n\n<li>en el caso de un contrato de suministro de contenidos digitales que no se suministren en un soporte f\u00edsico de datos, desde la celebraci\u00f3n del contrato.<\/li>\n<\/ul>\n\n<p>Para cumplir el plazo de desistimiento, basta con que el consumidor env\u00ede una notificaci\u00f3n del ejercicio de su derecho de desistimiento antes de que expire el plazo de desistimiento.<\/p>\n\n<p><strong>Declaraci\u00f3n de cancelaci\u00f3n.<\/strong>  Para ejercer el derecho de cancelaci\u00f3n, los consumidores deben informar a la empresa (Rei development GmbH, Nonntaler Hauptstra\u00dfe 69, 5020 Salzburgo, 0043 662 243121, office@reidev.com) de su decisi\u00f3n de cancelar este contrato mediante una declaraci\u00f3n clara (por ejemplo, una carta enviada por correo postal, fax o correo electr\u00f3nico).\nLos consumidores pueden utilizar el modelo de formulario de cancelaci\u00f3n que figura a continuaci\u00f3n, pero no es obligatorio. <\/p>\n\n<p><strong>Modelo de formulario de cancelaci\u00f3n.<\/strong>  (Para cancelar el contrato, rellena y devuelve este formulario).<\/p>\n\n<p><br\/><br\/><br\/><br\/><br\/>A Rei development GmbH Nonntaler Hauptstra\u00dfe 69 5020 Salzburgo office@reidev.com &#8211;<\/p>\n\n<p>Yo\/nosotros (*) rescindimos el contrato celebrado por m\u00ed\/nosotros (*) para la compra de los siguientes bienes (*)\/la prestaci\u00f3n del siguiente servicio (*) -.<\/p>\n\n<p><br\/><br\/>Pedido el (*) Recibido el (*) &#8211;<\/p>\n\n<p>Nombre del consumidor o consumidores &#8211;<\/p>\n\n<p>Direcci\u00f3n del consumidor o consumidores &#8211;<\/p>\n\n<p>Firma del consumidor o consumidores (s\u00f3lo para notificaciones en papel)<\/p>\n\n<p><br\/>Fecha &#8211; (*) T\u00e1chese lo que no proceda.<\/p>\n\n<p><strong>Consecuencias de la baja por prestaci\u00f3n de servicios.<\/strong>  Si el consumidor desiste de un contrato de servicios despu\u00e9s de que el empresario haya empezado a cumplir el contrato, el empresario tiene derecho a cobrar al consumidor una cantidad proporcional al precio total acordado contractualmente y que corresponda al servicio ya prestado por el empresario hasta el desistimiento.<\/p>\n","protected":false},"excerpt":{"rendered":"<p>POL\u00cdTICA DE CANCELACI\u00d3N PARA CONSUMIDORES &#8211; V1.0 Derecho de cancelaci\u00f3n. En la venta a distancia, los consumidores tienen derecho a rescindir el contrato en un plazo de catorce d\u00edas sin indicar los motivos. Plazo de anulaci\u00f3n. El plazo de cancelaci\u00f3n es de catorce d\u00edas Para cumplir el plazo de desistimiento, basta con que el consumidor [&hellip;]<\/p>\n","protected":false},"author":1,"featured_media":0,"parent":0,"menu_order":0,"comment_status":"closed","ping_status":"closed","template":"","meta":{"footnotes":""},"class_list":["post-2500","page","type-page","status-publish","hentry"],"post_mailing_queue_ids":[],"_links":{"self":[{"href":"https:\/\/mybuilding24.com\/es\/wp-json\/wp\/v2\/pages\/2500","targetHints":{"allow":["GET"]}}],"collection":[{"href":"https:\/\/mybuilding24.com\/es\/wp-json\/wp\/v2\/pages"}],"about":[{"href":"https:\/\/mybuilding24.com\/es\/wp-json\/wp\/v2\/types\/page"}],"author":[{"embeddable":true,"href":"https:\/\/mybuilding24.com\/es\/wp-json\/wp\/v2\/users\/1"}],"replies":[{"embeddable":true,"href":"https:\/\/mybuilding24.com\/es\/wp-json\/wp\/v2\/comments?post=2500"}],"version-history":[{"count":1,"href":"https:\/\/mybuilding24.com\/es\/wp-json\/wp\/v2\/pages\/2500\/revisions"}],"predecessor-version":[{"id":2502,"href":"https:\/\/mybuilding24.com\/es\/wp-json\/wp\/v2\/pages\/2500\/revisions\/2502"}],"wp:attachment":[{"href":"https:\/\/mybuilding24.com\/es\/wp-json\/wp\/v2\/media?parent=2500"}],"curies":[{"name":"wp","href":"https:\/\/api.w.org\/{rel}","templated":true}]}}