{"id":2489,"date":"2024-08-04T11:56:34","date_gmt":"2024-08-04T11:56:34","guid":{"rendered":"https:\/\/mybuilding24.com\/pie-de-imprenta\/"},"modified":"2024-09-24T14:50:00","modified_gmt":"2024-09-24T14:50:00","slug":"pie-de-imprenta","status":"publish","type":"page","link":"https:\/\/mybuilding24.com\/es\/pie-de-imprenta\/","title":{"rendered":"Pie de imprenta"},"content":{"rendered":"\n<h3 class=\"wp-block-heading\">Informaci\u00f3n seg\u00fan \u00a7 5 TMG<\/h3>\n\n<p><br\/><br\/>Rei development GmbH Nonntaler Hauptstra\u00dfe 69 5020 Salzburgo<\/p>\n\n<h3 class=\"wp-block-heading\">Contacta con nosotros<\/h3>\n\n<p><br\/><br\/>Tel\u00e9fono: 0662 \/ 24 31 21 Correo electr\u00f3nico: office@reidev.com FN: 541695k<\/p>\n\n<h3 class=\"wp-block-heading\">Resoluci\u00f3n de litigios en la UE<\/h3>\n\n<p><br\/>La Comisi\u00f3n Europea ofrece una plataforma para la resoluci\u00f3n de litigios en l\u00ednea (OS): <a href=\"https:\/\/ec.europa.eu\/consumers\/odr\" target=\"_blank\" rel=\"noreferrer noopener\">https:<\/a>\/ <a href=\"https:\/\/ec.europa.eu\/consumers\/odr\" target=\"_blank\" rel=\"noreferrer noopener\">\/ec.europa.eu\/consumers\/odr<\/a>. Puedes encontrar nuestra direcci\u00f3n de correo electr\u00f3nico en el aviso legal anterior.<\/p>\n\n<h3 class=\"wp-block-heading\"><br\/>Resoluci\u00f3n de litigios de consumo\/ Centro de arbitraje universal<\/h3>\n\n<p>No estamos dispuestos ni obligados a participar en procedimientos de resoluci\u00f3n de litigios ante una junta de arbitraje de consumo.<\/p>\n\n<h3 class=\"wp-block-heading\">Responsabilidad por el contenido<\/h3>\n\n<p>Como proveedor de servicios somos responsables seg\u00fan \u00a7 7 Abs.1\nTMG, somos responsables de nuestro propio contenido en estas p\u00e1ginas de acuerdo con las leyes generales.\nSin embargo, seg\u00fan los \u00a7\u00a7 8 a 10 de la TMG, como proveedores de servicios no estamos obligados a supervisar la informaci\u00f3n de terceros transmitida o almacenada, ni a investigar circunstancias que indiquen una actividad ilegal.  <\/p>\n\n<p>Esto no afecta a las obligaciones de eliminar o bloquear el uso de informaci\u00f3n de acuerdo con la legislaci\u00f3n general.\nSin embargo, la responsabilidad a este respecto s\u00f3lo ser\u00e1 posible a partir del momento en que tengamos conocimiento de una infracci\u00f3n concreta.\nTan pronto como tengamos conocimiento de tales infracciones, eliminaremos este contenido inmediatamente.  <\/p>\n\n<h3 class=\"wp-block-heading\">Responsabilidad de los enlaces<\/h3>\n\n<p>Nuestro sitio web contiene enlaces a sitios web externos de terceros sobre cuyo contenido no tenemos ninguna influencia.\nPor lo tanto, no podemos aceptar ninguna responsabilidad por este contenido de terceros.\nEl respectivo proveedor u operador de las p\u00e1ginas es siempre responsable del contenido de las p\u00e1ginas enlazadas.\nLas p\u00e1ginas enlazadas se comprobaron en el momento de enlazarlas para detectar posibles infracciones legales.\nNo se reconocieron contenidos ilegales en el momento de establecer el enlace.    <\/p>\n\n<p>Sin embargo, la supervisi\u00f3n permanente del contenido de las p\u00e1ginas enlazadas no es razonable sin pruebas concretas de una infracci\u00f3n.\nSi tenemos conocimiento de alguna infracci\u00f3n legal, eliminaremos dichos enlaces inmediatamente. <\/p>\n\n<h3 class=\"wp-block-heading\">Derechos de autor<\/h3>\n\n<p>El contenido y las obras creadas por los operadores del sitio en estas p\u00e1ginas est\u00e1n sujetos a la legislaci\u00f3n alemana sobre derechos de autor.\nLa duplicaci\u00f3n, procesamiento, distribuci\u00f3n y cualquier tipo de utilizaci\u00f3n fuera de los l\u00edmites de la ley de derechos de autor requieren el consentimiento por escrito del autor o creador respectivo.\nLas descargas y copias de este sitio s\u00f3lo est\u00e1n permitidas para uso privado y no comercial.  <\/p>\n\n<p>En la medida en que el contenido de este sitio no haya sido creado por el operador, se respetan los derechos de autor de terceros.\nEn particular, el contenido de terceros est\u00e1 etiquetado como tal.\nNo obstante, si tuvieras conocimiento de una infracci\u00f3n de los derechos de autor, te rogamos que nos lo comuniques.\nSi tenemos conocimiento de alguna infracci\u00f3n, eliminaremos dicho contenido inmediatamente.   <\/p>\n\n<p>Fuente: <a href=\"https:\/\/www.e-recht24.de\/\" target=\"_blank\" rel=\"noopener\">https:\/\/www.e-recht24.de<\/a><\/p>\n","protected":false},"excerpt":{"rendered":"<p>Informaci\u00f3n seg\u00fan \u00a7 5 TMG Rei development GmbH Nonntaler Hauptstra\u00dfe 69 5020 Salzburgo Contacta con nosotros Tel\u00e9fono: 0662 \/ 24 31 21 Correo electr\u00f3nico: office@reidev.com FN: 541695k Resoluci\u00f3n de litigios en la UE La Comisi\u00f3n Europea ofrece una plataforma para la resoluci\u00f3n de litigios en l\u00ednea (OS): https:\/ \/ec.europa.eu\/consumers\/odr. Puedes encontrar nuestra direcci\u00f3n de correo [&hellip;]<\/p>\n","protected":false},"author":1,"featured_media":0,"parent":0,"menu_order":0,"comment_status":"closed","ping_status":"closed","template":"","meta":{"footnotes":""},"class_list":["post-2489","page","type-page","status-publish","hentry"],"post_mailing_queue_ids":[],"_links":{"self":[{"href":"https:\/\/mybuilding24.com\/es\/wp-json\/wp\/v2\/pages\/2489","targetHints":{"allow":["GET"]}}],"collection":[{"href":"https:\/\/mybuilding24.com\/es\/wp-json\/wp\/v2\/pages"}],"about":[{"href":"https:\/\/mybuilding24.com\/es\/wp-json\/wp\/v2\/types\/page"}],"author":[{"embeddable":true,"href":"https:\/\/mybuilding24.com\/es\/wp-json\/wp\/v2\/users\/1"}],"replies":[{"embeddable":true,"href":"https:\/\/mybuilding24.com\/es\/wp-json\/wp\/v2\/comments?post=2489"}],"version-history":[{"count":1,"href":"https:\/\/mybuilding24.com\/es\/wp-json\/wp\/v2\/pages\/2489\/revisions"}],"predecessor-version":[{"id":2491,"href":"https:\/\/mybuilding24.com\/es\/wp-json\/wp\/v2\/pages\/2489\/revisions\/2491"}],"wp:attachment":[{"href":"https:\/\/mybuilding24.com\/es\/wp-json\/wp\/v2\/media?parent=2489"}],"curies":[{"name":"wp","href":"https:\/\/api.w.org\/{rel}","templated":true}]}}